{"id":10468,"date":"2020-02-12T13:11:38","date_gmt":"2020-02-12T12:11:38","guid":{"rendered":"https:\/\/dansk-injektion.dk\/kontakta-oss\/"},"modified":"2025-07-25T11:29:51","modified_gmt":"2025-07-25T09:29:51","slug":"kontakta-oss","status":"publish","type":"page","link":"https:\/\/dansk-injektion.dk\/sv\/kontakta-oss\/","title":{"rendered":"Kontakta oss"},"content":{"rendered":"\t\t<div data-elementor-type=\"wp-page\" data-elementor-id=\"10468\" class=\"elementor elementor-10468 elementor-61\" data-elementor-post-type=\"page\">\n\t\t\t\t<div class=\"elementor-element elementor-element-55d25a9 e-flex e-con-boxed e-con e-parent\" data-id=\"55d25a9\" data-element_type=\"container\" data-e-type=\"container\" data-settings=\"{&quot;background_background&quot;:&quot;classic&quot;,&quot;shape_divider_bottom&quot;:&quot;triangle&quot;,&quot;shape_divider_bottom_negative&quot;:&quot;yes&quot;}\">\n\t\t\t\t\t<div class=\"e-con-inner\">\n\t\t\t\t<div class=\"elementor-shape elementor-shape-bottom\" aria-hidden=\"true\" data-negative=\"true\">\n\t\t\t<svg xmlns=\"http:\/\/www.w3.org\/2000\/svg\" viewBox=\"0 0 1000 100\" preserveAspectRatio=\"none\">\n\t<path class=\"elementor-shape-fill\" d=\"M500.2,94.7L0,0v100h1000V0L500.2,94.7z\"\/>\n<\/svg>\t\t<\/div>\n\t\t\t\t<div class=\"elementor-element elementor-element-221f421 elementor-widget elementor-widget-text-editor\" data-id=\"221f421\" data-element_type=\"widget\" data-e-type=\"widget\" data-widget_type=\"text-editor.default\">\n\t\t\t\t<div class=\"elementor-widget-container\">\n\t\t\t\t\t\t\t\t\t<p>V\u00e4lkommen till Danish Injection<\/p>\t\t\t\t\t\t\t\t<\/div>\n\t\t\t\t<\/div>\n\t\t\t\t<div class=\"elementor-element elementor-element-ae5459b elementor-widget__width-inherit elementor-invisible elementor-widget elementor-widget-heading\" data-id=\"ae5459b\" data-element_type=\"widget\" data-e-type=\"widget\" data-settings=\"{&quot;_animation&quot;:&quot;fadeIn&quot;,&quot;_animation_delay&quot;:400}\" data-widget_type=\"heading.default\">\n\t\t\t\t<div class=\"elementor-widget-container\">\n\t\t\t\t\t<h1 class=\"elementor-heading-title elementor-size-default\">Kontakta oss<\/h1>\t\t\t\t<\/div>\n\t\t\t\t<\/div>\n\t\t\t\t\t<\/div>\n\t\t\t\t<\/div>\n\t\t<div class=\"elementor-element elementor-element-5a4f58e e-flex e-con-boxed e-con e-parent\" data-id=\"5a4f58e\" data-element_type=\"container\" data-e-type=\"container\" data-settings=\"{&quot;background_background&quot;:&quot;classic&quot;}\">\n\t\t\t\t\t<div class=\"e-con-inner\">\n\t\t<div class=\"elementor-element elementor-element-a703e9f e-con-full e-flex e-con e-child\" data-id=\"a703e9f\" data-element_type=\"container\" data-e-type=\"container\" data-settings=\"{&quot;background_background&quot;:&quot;classic&quot;}\">\n\t\t\t\t<div class=\"elementor-element elementor-element-7731fb1 elementor-widget__width-initial elementor-widget elementor-widget-heading\" data-id=\"7731fb1\" data-element_type=\"widget\" data-e-type=\"widget\" data-widget_type=\"heading.default\">\n\t\t\t\t<div class=\"elementor-widget-container\">\n\t\t\t\t\t<h2 class=\"elementor-heading-title elementor-size-default\">Skriv till oss!<\/h2>\t\t\t\t<\/div>\n\t\t\t\t<\/div>\n\t\t\t\t<div class=\"elementor-element elementor-element-8650f38 elementor-widget elementor-widget-text-editor\" data-id=\"8650f38\" data-element_type=\"widget\" data-e-type=\"widget\" data-widget_type=\"text-editor.default\">\n\t\t\t\t<div class=\"elementor-widget-container\">\n\t\t\t\t\t\t\t\t\t<p>Fyll i formul\u00e4ret med dina kontaktuppgifter s\u00e5 \u00e5terkommer vi till dig s\u00e5 snart som m\u00f6jligt.<\/p>\t\t\t\t\t\t\t\t<\/div>\n\t\t\t\t<\/div>\n\t\t\t\t<div class=\"elementor-element elementor-element-2e7968d8 elementor-widget__width-initial elementor-widget elementor-widget-shortcode\" data-id=\"2e7968d8\" data-element_type=\"widget\" data-e-type=\"widget\" data-widget_type=\"shortcode.default\">\n\t\t\t\t<div class=\"elementor-widget-container\">\n\t\t\t\t\t\t\t<div class=\"elementor-shortcode\"><form id=\"forminator-module-66\" class=\"forminator-custom-form forminator-custom-form-66\" method=\"post\" data-forminator-render=\"0\" data-uid=\"69f3bdbe9be79\"><div role=\"alert\" aria-live=\"polite\" class=\"forminator-response-message forminator-error\" aria-hidden=\"true\"><\/div><\/form><\/div>\n\t\t\t\t\t\t<\/div>\n\t\t\t\t<\/div>\n\t\t\t\t<\/div>\n\t\t<div class=\"elementor-element elementor-element-49820b6 e-con-full no-padding e-flex e-con e-child\" data-id=\"49820b6\" data-element_type=\"container\" data-e-type=\"container\">\n\t\t\t\t<div class=\"elementor-element elementor-element-4b9d9d1 elementor-widget__width-initial elementor-widget elementor-widget-heading\" data-id=\"4b9d9d1\" data-element_type=\"widget\" data-e-type=\"widget\" data-widget_type=\"heading.default\">\n\t\t\t\t<div class=\"elementor-widget-container\">\n\t\t\t\t\t<h3 class=\"elementor-heading-title elementor-size-default\">V\u00e5ra kontaktuppgifter<\/h3>\t\t\t\t<\/div>\n\t\t\t\t<\/div>\n\t\t\t\t<div class=\"elementor-element elementor-element-9383eb7 elementor-widget elementor-widget-text-editor\" data-id=\"9383eb7\" data-element_type=\"widget\" data-e-type=\"widget\" data-widget_type=\"text-editor.default\">\n\t\t\t\t<div class=\"elementor-widget-container\">\n\t\t\t\t\t\t\t\t\t<p>Du \u00e4r alltid v\u00e4lkommen att skriva eller ringa till oss via nedanst\u00e5ende information.<\/p>\t\t\t\t\t\t\t\t<\/div>\n\t\t\t\t<\/div>\n\t\t\t\t<div class=\"elementor-element elementor-element-df1831a elementor-widget elementor-widget-text-editor\" data-id=\"df1831a\" data-element_type=\"widget\" data-e-type=\"widget\" data-widget_type=\"text-editor.default\">\n\t\t\t\t<div class=\"elementor-widget-container\">\n\t\t\t\t\t\t\t\t\t<h4><strong>Administration<\/strong><\/h4><p><strong>Danish Injection North<br><\/strong>Virkelystvej 8<br>9870 Sindal, Danmark<\/p><p><a href=\"tel:20485758\">+45 98 93 57 58<\/a><br><a href=\"mailto:info@dansk-injektion.dk\">info@dansk-injektion.dk<\/a><\/p><p><strong> <\/strong><\/p><p><strong>Danish Injection South<\/strong><br>Smidstrupvej 27<br>7321 Gadbjerg, Danmark<\/p><p><a href=\"tel:20485758\">+45 98 93 57 58<\/a><br><a href=\"mailto:info@dansk-injektion.dk\">info@dansk-injektion.dk<\/a><\/p><p><strong> <\/strong><\/p><p><strong>Danish Injection Zealand<br><\/strong>\u00d8rstedvej 4<br>4622 Havdrup, Danmark<\/p><p><a href=\"tel:20485758\">+45 98 93 57 58<\/a><br><a href=\"mailto:info@dansk-injektion.dk\">info@dansk-injektion.dk<\/a><\/p><p><strong> <\/strong><\/p><p><strong>F\u00f6retagets registreringsnummer: 34877181<\/strong><\/p>\t\t\t\t\t\t\t\t<\/div>\n\t\t\t\t<\/div>\n\t\t\t\t<\/div>\n\t\t\t\t\t<\/div>\n\t\t\t\t<\/div>\n\t\t\t\t<\/div>\n\t\t","protected":false},"excerpt":{"rendered":"<p>Har du n\u00e5gra fr\u00e5gor eller kommentarer? Kontakta oss idag f\u00f6r att f\u00e5 veta mer om vad vi kan g\u00f6ra f\u00f6r dig.<\/p>\n","protected":false},"author":1,"featured_media":10453,"parent":0,"menu_order":0,"comment_status":"closed","ping_status":"closed","template":"","meta":{"_acf_changed":false,"footnotes":""},"categories":[],"class_list":["post-10468","page","type-page","status-publish","has-post-thumbnail"],"acf":[],"yoast_head":"<!-- This site is optimized with the Yoast SEO plugin v26.8 - https:\/\/yoast.com\/product\/yoast-seo-wordpress\/ -->\n<title>Kontakta oss | Dansk Injektion<\/title>\n<meta name=\"robots\" content=\"index, follow, max-snippet:-1, max-image-preview:large, max-video-preview:-1\" \/>\n<link rel=\"canonical\" href=\"https:\/\/dansk-injektion.dk\/sv\/kontakta-oss\/\" \/>\n<meta property=\"og:locale\" content=\"sv_SE\" \/>\n<meta property=\"og:type\" content=\"article\" \/>\n<meta property=\"og:title\" content=\"Kontakta oss | Dansk Injektion\" \/>\n<meta property=\"og:description\" content=\"Har du n\u00e5gra fr\u00e5gor eller kommentarer? Kontakta oss idag f\u00f6r att f\u00e5 veta mer om vad vi kan g\u00f6ra f\u00f6r dig.\" \/>\n<meta property=\"og:url\" content=\"https:\/\/dansk-injektion.dk\/sv\/kontakta-oss\/\" \/>\n<meta property=\"og:site_name\" content=\"Dansk Injektion\" \/>\n<meta property=\"article:modified_time\" content=\"2025-07-25T09:29:51+00:00\" \/>\n<meta property=\"og:image\" content=\"https:\/\/dansk-injektion.dk\/wp-content\/uploads\/2025\/04\/IMG_0961-scaled.jpg\" \/>\n\t<meta property=\"og:image:width\" content=\"2560\" \/>\n\t<meta property=\"og:image:height\" content=\"1920\" \/>\n\t<meta property=\"og:image:type\" content=\"image\/jpeg\" \/>\n<meta name=\"twitter:card\" content=\"summary_large_image\" \/>\n<script type=\"application\/ld+json\" class=\"yoast-schema-graph\">{\"@context\":\"https:\/\/schema.org\",\"@graph\":[{\"@type\":\"WebPage\",\"@id\":\"https:\/\/dansk-injektion.dk\/sv\/kontakta-oss\/\",\"url\":\"https:\/\/dansk-injektion.dk\/sv\/kontakta-oss\/\",\"name\":\"Kontakta oss | Dansk Injektion\",\"isPartOf\":{\"@id\":\"https:\/\/injektion-nord.webserver13.dk\/#website\"},\"primaryImageOfPage\":{\"@id\":\"https:\/\/dansk-injektion.dk\/sv\/kontakta-oss\/#primaryimage\"},\"image\":{\"@id\":\"https:\/\/dansk-injektion.dk\/sv\/kontakta-oss\/#primaryimage\"},\"thumbnailUrl\":\"https:\/\/dansk-injektion.dk\/wp-content\/uploads\/2025\/04\/IMG_0961-scaled.jpg\",\"datePublished\":\"2020-02-12T12:11:38+00:00\",\"dateModified\":\"2025-07-25T09:29:51+00:00\",\"breadcrumb\":{\"@id\":\"https:\/\/dansk-injektion.dk\/sv\/kontakta-oss\/#breadcrumb\"},\"inLanguage\":\"sv-SE\",\"potentialAction\":[{\"@type\":\"ReadAction\",\"target\":[\"https:\/\/dansk-injektion.dk\/sv\/kontakta-oss\/\"]}]},{\"@type\":\"ImageObject\",\"inLanguage\":\"sv-SE\",\"@id\":\"https:\/\/dansk-injektion.dk\/sv\/kontakta-oss\/#primaryimage\",\"url\":\"https:\/\/dansk-injektion.dk\/wp-content\/uploads\/2025\/04\/IMG_0961-scaled.jpg\",\"contentUrl\":\"https:\/\/dansk-injektion.dk\/wp-content\/uploads\/2025\/04\/IMG_0961-scaled.jpg\",\"width\":2560,\"height\":1920},{\"@type\":\"BreadcrumbList\",\"@id\":\"https:\/\/dansk-injektion.dk\/sv\/kontakta-oss\/#breadcrumb\",\"itemListElement\":[{\"@type\":\"ListItem\",\"position\":1,\"name\":\"Forside\",\"item\":\"https:\/\/dansk-injektion.dk\/sv\/startsida\/\"},{\"@type\":\"ListItem\",\"position\":2,\"name\":\"Kontakta oss\"}]},{\"@type\":\"WebSite\",\"@id\":\"https:\/\/injektion-nord.webserver13.dk\/#website\",\"url\":\"https:\/\/injektion-nord.webserver13.dk\/\",\"name\":\"Dansk Injektion\",\"description\":\"Reparation af s\u00e6tningsrevner, fliser, gulve og v\u00e6gge\",\"publisher\":{\"@id\":\"https:\/\/injektion-nord.webserver13.dk\/#organization\"},\"potentialAction\":[{\"@type\":\"SearchAction\",\"target\":{\"@type\":\"EntryPoint\",\"urlTemplate\":\"https:\/\/injektion-nord.webserver13.dk\/?s={search_term_string}\"},\"query-input\":{\"@type\":\"PropertyValueSpecification\",\"valueRequired\":true,\"valueName\":\"search_term_string\"}}],\"inLanguage\":\"sv-SE\"},{\"@type\":\"Organization\",\"@id\":\"https:\/\/injektion-nord.webserver13.dk\/#organization\",\"name\":\"Dansk Injektion\",\"url\":\"https:\/\/injektion-nord.webserver13.dk\/\",\"logo\":{\"@type\":\"ImageObject\",\"inLanguage\":\"sv-SE\",\"@id\":\"https:\/\/injektion-nord.webserver13.dk\/#\/schema\/logo\/image\/\",\"url\":\"https:\/\/dansk-injektion.dk\/wp-content\/uploads\/2025\/04\/cropped-injektion-logo.png\",\"contentUrl\":\"https:\/\/dansk-injektion.dk\/wp-content\/uploads\/2025\/04\/cropped-injektion-logo.png\",\"width\":2671,\"height\":674,\"caption\":\"Dansk Injektion\"},\"image\":{\"@id\":\"https:\/\/injektion-nord.webserver13.dk\/#\/schema\/logo\/image\/\"}}]}<\/script>\n<!-- \/ Yoast SEO plugin. -->","yoast_head_json":{"title":"Kontakta oss | Dansk Injektion","robots":{"index":"index","follow":"follow","max-snippet":"max-snippet:-1","max-image-preview":"max-image-preview:large","max-video-preview":"max-video-preview:-1"},"canonical":"https:\/\/dansk-injektion.dk\/sv\/kontakta-oss\/","og_locale":"sv_SE","og_type":"article","og_title":"Kontakta oss | Dansk Injektion","og_description":"Har du n\u00e5gra fr\u00e5gor eller kommentarer? Kontakta oss idag f\u00f6r att f\u00e5 veta mer om vad vi kan g\u00f6ra f\u00f6r dig.","og_url":"https:\/\/dansk-injektion.dk\/sv\/kontakta-oss\/","og_site_name":"Dansk Injektion","article_modified_time":"2025-07-25T09:29:51+00:00","og_image":[{"width":2560,"height":1920,"url":"https:\/\/dansk-injektion.dk\/wp-content\/uploads\/2025\/04\/IMG_0961-scaled.jpg","type":"image\/jpeg"}],"twitter_card":"summary_large_image","schema":{"@context":"https:\/\/schema.org","@graph":[{"@type":"WebPage","@id":"https:\/\/dansk-injektion.dk\/sv\/kontakta-oss\/","url":"https:\/\/dansk-injektion.dk\/sv\/kontakta-oss\/","name":"Kontakta oss | Dansk Injektion","isPartOf":{"@id":"https:\/\/injektion-nord.webserver13.dk\/#website"},"primaryImageOfPage":{"@id":"https:\/\/dansk-injektion.dk\/sv\/kontakta-oss\/#primaryimage"},"image":{"@id":"https:\/\/dansk-injektion.dk\/sv\/kontakta-oss\/#primaryimage"},"thumbnailUrl":"https:\/\/dansk-injektion.dk\/wp-content\/uploads\/2025\/04\/IMG_0961-scaled.jpg","datePublished":"2020-02-12T12:11:38+00:00","dateModified":"2025-07-25T09:29:51+00:00","breadcrumb":{"@id":"https:\/\/dansk-injektion.dk\/sv\/kontakta-oss\/#breadcrumb"},"inLanguage":"sv-SE","potentialAction":[{"@type":"ReadAction","target":["https:\/\/dansk-injektion.dk\/sv\/kontakta-oss\/"]}]},{"@type":"ImageObject","inLanguage":"sv-SE","@id":"https:\/\/dansk-injektion.dk\/sv\/kontakta-oss\/#primaryimage","url":"https:\/\/dansk-injektion.dk\/wp-content\/uploads\/2025\/04\/IMG_0961-scaled.jpg","contentUrl":"https:\/\/dansk-injektion.dk\/wp-content\/uploads\/2025\/04\/IMG_0961-scaled.jpg","width":2560,"height":1920},{"@type":"BreadcrumbList","@id":"https:\/\/dansk-injektion.dk\/sv\/kontakta-oss\/#breadcrumb","itemListElement":[{"@type":"ListItem","position":1,"name":"Forside","item":"https:\/\/dansk-injektion.dk\/sv\/startsida\/"},{"@type":"ListItem","position":2,"name":"Kontakta oss"}]},{"@type":"WebSite","@id":"https:\/\/injektion-nord.webserver13.dk\/#website","url":"https:\/\/injektion-nord.webserver13.dk\/","name":"Dansk Injektion","description":"Reparation af s\u00e6tningsrevner, fliser, gulve og v\u00e6gge","publisher":{"@id":"https:\/\/injektion-nord.webserver13.dk\/#organization"},"potentialAction":[{"@type":"SearchAction","target":{"@type":"EntryPoint","urlTemplate":"https:\/\/injektion-nord.webserver13.dk\/?s={search_term_string}"},"query-input":{"@type":"PropertyValueSpecification","valueRequired":true,"valueName":"search_term_string"}}],"inLanguage":"sv-SE"},{"@type":"Organization","@id":"https:\/\/injektion-nord.webserver13.dk\/#organization","name":"Dansk Injektion","url":"https:\/\/injektion-nord.webserver13.dk\/","logo":{"@type":"ImageObject","inLanguage":"sv-SE","@id":"https:\/\/injektion-nord.webserver13.dk\/#\/schema\/logo\/image\/","url":"https:\/\/dansk-injektion.dk\/wp-content\/uploads\/2025\/04\/cropped-injektion-logo.png","contentUrl":"https:\/\/dansk-injektion.dk\/wp-content\/uploads\/2025\/04\/cropped-injektion-logo.png","width":2671,"height":674,"caption":"Dansk Injektion"},"image":{"@id":"https:\/\/injektion-nord.webserver13.dk\/#\/schema\/logo\/image\/"}}]}},"_links":{"self":[{"href":"https:\/\/dansk-injektion.dk\/sv\/wp-json\/wp\/v2\/pages\/10468","targetHints":{"allow":["GET"]}}],"collection":[{"href":"https:\/\/dansk-injektion.dk\/sv\/wp-json\/wp\/v2\/pages"}],"about":[{"href":"https:\/\/dansk-injektion.dk\/sv\/wp-json\/wp\/v2\/types\/page"}],"author":[{"embeddable":true,"href":"https:\/\/dansk-injektion.dk\/sv\/wp-json\/wp\/v2\/users\/1"}],"replies":[{"embeddable":true,"href":"https:\/\/dansk-injektion.dk\/sv\/wp-json\/wp\/v2\/comments?post=10468"}],"version-history":[{"count":1,"href":"https:\/\/dansk-injektion.dk\/sv\/wp-json\/wp\/v2\/pages\/10468\/revisions"}],"predecessor-version":[{"id":10469,"href":"https:\/\/dansk-injektion.dk\/sv\/wp-json\/wp\/v2\/pages\/10468\/revisions\/10469"}],"wp:featuredmedia":[{"embeddable":true,"href":"https:\/\/dansk-injektion.dk\/sv\/wp-json\/wp\/v2\/media\/10453"}],"wp:attachment":[{"href":"https:\/\/dansk-injektion.dk\/sv\/wp-json\/wp\/v2\/media?parent=10468"}],"wp:term":[{"taxonomy":"category","embeddable":true,"href":"https:\/\/dansk-injektion.dk\/sv\/wp-json\/wp\/v2\/categories?post=10468"}],"curies":[{"name":"wp","href":"https:\/\/api.w.org\/{rel}","templated":true}]}}