{"id":10466,"date":"2021-09-03T11:08:46","date_gmt":"2021-09-03T09:08:46","guid":{"rendered":"https:\/\/dansk-injektion.dk\/reparation-av-traegolv\/"},"modified":"2025-07-25T11:29:48","modified_gmt":"2025-07-25T09:29:48","slug":"reparation-av-traegolv","status":"publish","type":"page","link":"https:\/\/dansk-injektion.dk\/sv\/reparation-av-traegolv\/","title":{"rendered":"Reparation av tr\u00e4golv"},"content":{"rendered":"\t\t<div data-elementor-type=\"wp-page\" data-elementor-id=\"10466\" class=\"elementor elementor-10466 elementor-2868\" data-elementor-post-type=\"page\">\n\t\t\t\t<div class=\"elementor-element elementor-element-77c38c34 e-flex e-con-boxed e-con e-parent\" data-id=\"77c38c34\" data-element_type=\"container\" data-e-type=\"container\" data-settings=\"{&quot;background_background&quot;:&quot;classic&quot;,&quot;shape_divider_bottom&quot;:&quot;triangle&quot;,&quot;shape_divider_bottom_negative&quot;:&quot;yes&quot;}\">\n\t\t\t\t\t<div class=\"e-con-inner\">\n\t\t\t\t<div class=\"elementor-shape elementor-shape-bottom\" aria-hidden=\"true\" data-negative=\"true\">\n\t\t\t<svg xmlns=\"http:\/\/www.w3.org\/2000\/svg\" viewBox=\"0 0 1000 100\" preserveAspectRatio=\"none\">\n\t<path class=\"elementor-shape-fill\" d=\"M500.2,94.7L0,0v100h1000V0L500.2,94.7z\"\/>\n<\/svg>\t\t<\/div>\n\t\t\t\t<div class=\"elementor-element elementor-element-622e0f05 elementor-widget elementor-widget-text-editor\" data-id=\"622e0f05\" data-element_type=\"widget\" data-e-type=\"widget\" data-widget_type=\"text-editor.default\">\n\t\t\t\t<div class=\"elementor-widget-container\">\n\t\t\t\t\t\t\t\t\t<p>V\u00e4lkommen till  Dansk Injektion<\/p>\t\t\t\t\t\t\t\t<\/div>\n\t\t\t\t<\/div>\n\t\t\t\t<div class=\"elementor-element elementor-element-14ef891b elementor-widget__width-inherit elementor-invisible elementor-widget elementor-widget-heading\" data-id=\"14ef891b\" data-element_type=\"widget\" data-e-type=\"widget\" data-settings=\"{&quot;_animation&quot;:&quot;fadeIn&quot;,&quot;_animation_delay&quot;:400}\" data-widget_type=\"heading.default\">\n\t\t\t\t<div class=\"elementor-widget-container\">\n\t\t\t\t\t<h1 class=\"elementor-heading-title elementor-size-default\">Reparation av tr\u00e4golv<\/h1>\t\t\t\t<\/div>\n\t\t\t\t<\/div>\n\t\t\t\t\t<\/div>\n\t\t\t\t<\/div>\n\t\t<div class=\"elementor-element elementor-element-fa09df5 e-flex e-con-boxed e-con e-parent\" data-id=\"fa09df5\" data-element_type=\"container\" data-e-type=\"container\" data-settings=\"{&quot;background_background&quot;:&quot;classic&quot;}\">\n\t\t\t\t\t<div class=\"e-con-inner\">\n\t\t<div class=\"elementor-element elementor-element-779d98c e-con-full e-flex e-con e-child\" data-id=\"779d98c\" data-element_type=\"container\" data-e-type=\"container\" data-settings=\"{&quot;background_background&quot;:&quot;classic&quot;}\">\n\t\t\t\t<div class=\"elementor-element elementor-element-b996b86 elementor-widget__width-initial elementor-widget elementor-widget-heading\" data-id=\"b996b86\" data-element_type=\"widget\" data-e-type=\"widget\" data-widget_type=\"heading.default\">\n\t\t\t\t<div class=\"elementor-widget-container\">\n\t\t\t\t\t<h3 class=\"elementor-heading-title elementor-size-default\">Knarrar ditt tr\u00e4golv?<\/h3>\t\t\t\t<\/div>\n\t\t\t\t<\/div>\n\t\t\t\t<div class=\"elementor-element elementor-element-b4268cf elementor-widget elementor-widget-text-editor\" data-id=\"b4268cf\" data-element_type=\"widget\" data-e-type=\"widget\" data-widget_type=\"text-editor.default\">\n\t\t\t\t<div class=\"elementor-widget-container\">\n\t\t\t\t\t\t\t\t\t<p>Har du gnisslande golv?<br>Luckor\/luft under dina golv?<\/p><p>D\u00e5 kan vi utf\u00f6ra en l\u00f6sning. Ett 2 mm h\u00e5l borras och vi pumpar in lim under golvet. Limmet f\u00f6rblir gummiaktigt och du har fortfarande ett flytande golv. D\u00e4refter t\u00e4pper vi igen h\u00e5let med ett vax som matchar f\u00e4rgen p\u00e5 det befintliga golvet. Vi har god erfarenhet av denna utf\u00f6randemetod. Vi har goda referenser.      <\/p><p>Kontakta oss f\u00f6r mer information och en offert f\u00f6r ditt projekt.<\/p>\t\t\t\t\t\t\t\t<\/div>\n\t\t\t\t<\/div>\n\t\t\t\t<\/div>\n\t\t<div class=\"elementor-element elementor-element-f3018bf e-con-full no-padding e-flex e-con e-child\" data-id=\"f3018bf\" data-element_type=\"container\" data-e-type=\"container\">\n\t\t\t\t<div class=\"elementor-element elementor-element-16f48ea elementor-widget__width-initial elementor-widget elementor-widget-heading\" data-id=\"16f48ea\" data-element_type=\"widget\" data-e-type=\"widget\" data-widget_type=\"heading.default\">\n\t\t\t\t<div class=\"elementor-widget-container\">\n\t\t\t\t\t<h2 class=\"elementor-heading-title elementor-size-default\">Skriv till oss!<\/h2>\t\t\t\t<\/div>\n\t\t\t\t<\/div>\n\t\t\t\t<div class=\"elementor-element elementor-element-2f849d9 elementor-widget__width-initial elementor-widget elementor-widget-shortcode\" data-id=\"2f849d9\" data-element_type=\"widget\" data-e-type=\"widget\" data-widget_type=\"shortcode.default\">\n\t\t\t\t<div class=\"elementor-widget-container\">\n\t\t\t\t\t\t\t<div class=\"elementor-shortcode\"><form id=\"forminator-module-66\" class=\"forminator-custom-form forminator-custom-form-66\" method=\"post\" data-forminator-render=\"0\" data-uid=\"69f48d44c0a0f\"><div role=\"alert\" aria-live=\"polite\" class=\"forminator-response-message forminator-error\" aria-hidden=\"true\"><\/div><\/form><\/div>\n\t\t\t\t\t\t<\/div>\n\t\t\t\t<\/div>\n\t\t\t\t<\/div>\n\t\t\t\t\t<\/div>\n\t\t\t\t<\/div>\n\t\t<div class=\"elementor-element elementor-element-1041060a e-con-full e-flex e-con e-parent\" data-id=\"1041060a\" data-element_type=\"container\" data-e-type=\"container\">\n\t\t\t\t<div class=\"elementor-element elementor-element-188c2527 elementor-widget elementor-widget-ucaddon_ue_rhombus_image_gallery\" data-id=\"188c2527\" data-element_type=\"widget\" data-e-type=\"widget\" data-widget_type=\"ucaddon_ue_rhombus_image_gallery.default\">\n\t\t\t\t<div class=\"elementor-widget-container\">\n\t\t\t\t\t\n<!-- start Rhombus Grid -->\n\t\t<link id='fancybox-css' href='https:\/\/dansk-injektion.dk\/wp-content\/plugins\/unlimited-elements-for-elementor-premium\/assets_libraries\/fancybox3\/jquery.fancybox.min.css' type='text\/css' rel='stylesheet' >\n\n<style>\/* widget: Rhombus Grid *\/\n\n\n\n#uc_ue_rhombus_image_gallery_elementor_188c2527.ue-rhombus-gallery {\n  --col-count: 3;\n  \t--columns-count: calc(var(--col-count) * 2 + 1);\n  display: grid;\n  grid-template-columns: repeat(var(--columns-count), 1fr);\n  opacity: 0;\n  transition: opacity 0.2s ease-in-out;\n}\n\n#uc_ue_rhombus_image_gallery_elementor_188c2527.ue-rhombus-gallery.uc-show {\n  opacity: 1;\n}\n\n#uc_ue_rhombus_image_gallery_elementor_188c2527 .ue-rhombus-gallery__item {\n  z-index: 1;\n  grid-column: span 2;\n  margin-bottom: -50%; \n  -webkit-clip-path: polygon(50% 0%, 100% 50%, 50% 100%, 0% 50%);\n  clip-path: polygon(50% 0%, 100% 50%, 50% 100%, 0% 50%);\n  transition: all 0.25s;\n  aspect-ratio: 1 \/ 1;\n  width:100%;\n  overflow: hidden;\n}\n\n#uc_ue_rhombus_image_gallery_elementor_188c2527 .ue-rhombus-gallery__item-wrapper {\n  position: relative;\n  height: 100%;\n  width: 100%;\n  display: flex;\n  flex-direction: column;\n  justify-content: center;\n  align-items: center;\n  text-align:center;\n}\n\n#uc_ue_rhombus_image_gallery_elementor_188c2527 .ue-rhombus-gallery__item-content-wrapper {\n  display: flex;\n    flex-direction: column;\n    justify-content: center;\n  z-index: 1;\n}\n\n#uc_ue_rhombus_image_gallery_elementor_188c2527 .ue-rhombus-gallery__item-border {\n  position: absolute;\n  inset: 0;\n  height: 100%;\n  width: 100%;\n  background-color: transparent;\n  transform: rotate(45deg) scale(0.7071);\n  pointer-events: none;\n}\n\n#uc_ue_rhombus_image_gallery_elementor_188c2527 .ue-rhombus-gallery__item-image {\n  position: absolute;\n  inset: 0;\n  height: 100%;\n  width: 100%;\n  z-index: 0;\n  object-fit: cover;\n}\n\n#uc_ue_rhombus_image_gallery_elementor_188c2527 .ue-rhombus-gallery__item:hover {\n  z-index: 3;\n}\n\n  #uc_ue_rhombus_image_gallery_elementor_188c2527 .ue-rhombus-gallery__item .ue-rhombus-gallery__item-image {\n    transition: transform 300ms linear;\n  }\n  #uc_ue_rhombus_image_gallery_elementor_188c2527 .ue-rhombus-gallery__item:hover .ue-rhombus-gallery__item-image {\n    transform: scale(1.1);\n  }\n\n#uc_ue_rhombus_image_gallery_elementor_188c2527 .ue-rhombus-gallery__item.ue-active-item .ue-rhombus-gallery__item-image {\n  transition: transform 300ms linear;\n}\n#uc_ue_rhombus_image_gallery_elementor_188c2527 .ue-rhombus-gallery__item.ue-active-item .ue-rhombus-gallery__item-image {\n  transform: scale(1.1);\n}\n\n#uc_ue_rhombus_image_gallery_elementor_188c2527 .ue-overlay-link {\n  position: absolute;\n  inset: 0;\n}\n\n#uc_ue_rhombus_image_gallery_elementor_188c2527 .ue-graphic-element\n{\n  display:inline-flex;\n  align-items:center;\n  justify-content:center;\n  line-height:1em;\n  overflow:hidden;\n  z-index: 1;\n}\n\n#uc_ue_rhombus_image_gallery_elementor_188c2527 .ue-graphic-element svg\n{\n  height:1em;\n  width:1em;\n}\n\n#uc_ue_rhombus_image_gallery_elementor_188c2527 .ue-graphic-element img\n{\n  display:block;\n}\n\n.ue-item-title\n{\n  font-size:21px;\n}\n\n@media screen and (max-width: 1024px) {\n\t#uc_ue_rhombus_image_gallery_elementor_188c2527.ue-rhombus-gallery {\n      --col-count:  3 ;\n      --columns-count: calc(var(--col-count) * 2 + 1);\n    }\n}\n\n@media screen and (max-width: 767px) {\n\t#uc_ue_rhombus_image_gallery_elementor_188c2527.ue-rhombus-gallery {\n      --col-count:  3  ;\n  \t  --columns-count: calc(var(--col-count) * 2 + 1);\n    }\n}\n\nbody[data-elementor-device-mode=\"desktop\"] #uc_ue_rhombus_image_gallery_elementor_188c2527 .ue-rhombus-gallery__item.ue-desktop-hide {\n\tdisplay: none;\n}\n\nbody[data-elementor-device-mode=\"tablet\"] #uc_ue_rhombus_image_gallery_elementor_188c2527 .ue-rhombus-gallery__item.ue-tablet-hide {\n\tdisplay: none;\n}\n\nbody[data-elementor-device-mode=\"mobile\"] #uc_ue_rhombus_image_gallery_elementor_188c2527 .ue-rhombus-gallery__item.ue-mobile-hide {\n\tdisplay: none;\n}\n\n<\/style>\n\n<div id=\"uc_ue_rhombus_image_gallery_elementor_188c2527\" class=\"ue-rhombus-gallery  uc-items-wrapper\" >\n    <div class=\"ue-rhombus-gallery__item  elementor-repeater-item-2c09dcc   \" data-item-id=\"uc_ue_rhombus_image_gallery_elementor_188c2527_item1\">\n  <div class=\"ue-rhombus-gallery__item-wrapper\">\n     <img decoding=\"async\" class=\"ue-rhombus-gallery__item-image\" src=\"https:\/\/dansk-injektion.dk\/wp-content\/uploads\/2025\/03\/480749134_9246956345418908_6996602494075915124_n-768x1368.jpg\" alt=\"480749134_9246956345418908_6996602494075915124_n\" \/>     <div class=\"ue-rhombus-gallery__item-content-wrapper\">\n                  \n      \n      \n      \n      \n          <\/div>\n  <\/div>\n  <div class=\"ue-rhombus-gallery__item-border\"><\/div>\n<\/div>\n<div class=\"ue-rhombus-gallery__item  elementor-repeater-item-75ddf16   \" data-item-id=\"uc_ue_rhombus_image_gallery_elementor_188c2527_item2\">\n  <div class=\"ue-rhombus-gallery__item-wrapper\">\n     <img decoding=\"async\" class=\"ue-rhombus-gallery__item-image\" src=\"https:\/\/dansk-injektion.dk\/wp-content\/uploads\/2025\/03\/94233519_2861146330666640_2209488733642686464_n.jpg\" alt=\"Vandt\u00e6tning af k\u00e6lder\" \/>     <div class=\"ue-rhombus-gallery__item-content-wrapper\">\n                  \n      \n      \n      \n      \n          <\/div>\n  <\/div>\n  <div class=\"ue-rhombus-gallery__item-border\"><\/div>\n<\/div>\n<div class=\"ue-rhombus-gallery__item  elementor-repeater-item-5b08d60   \" data-item-id=\"uc_ue_rhombus_image_gallery_elementor_188c2527_item3\">\n  <div class=\"ue-rhombus-gallery__item-wrapper\">\n     <img decoding=\"async\" class=\"ue-rhombus-gallery__item-image\" src=\"https:\/\/dansk-injektion.dk\/wp-content\/uploads\/2025\/03\/12345.png\" alt=\"12345\" \/>     <div class=\"ue-rhombus-gallery__item-content-wrapper\">\n                  \n      \n      \n      \n      \n          <\/div>\n  <\/div>\n  <div class=\"ue-rhombus-gallery__item-border\"><\/div>\n<\/div>\n<div class=\"ue-rhombus-gallery__item  elementor-repeater-item-2c571a0   \" data-item-id=\"uc_ue_rhombus_image_gallery_elementor_188c2527_item4\">\n  <div class=\"ue-rhombus-gallery__item-wrapper\">\n     <img decoding=\"async\" class=\"ue-rhombus-gallery__item-image\" src=\"https:\/\/dansk-injektion.dk\/wp-content\/uploads\/2025\/03\/164728626_3775778309203433_2586678553392881434_n.jpg\" alt=\"Reperation af l\u00f8se fliser og tr\u00e6gulv\" \/>     <div class=\"ue-rhombus-gallery__item-content-wrapper\">\n                  \n      \n      \n      \n      \n          <\/div>\n  <\/div>\n  <div class=\"ue-rhombus-gallery__item-border\"><\/div>\n<\/div>\n<div class=\"ue-rhombus-gallery__item  elementor-repeater-item-2fc980b   \" data-item-id=\"uc_ue_rhombus_image_gallery_elementor_188c2527_item5\">\n  <div class=\"ue-rhombus-gallery__item-wrapper\">\n     <img decoding=\"async\" class=\"ue-rhombus-gallery__item-image\" src=\"https:\/\/dansk-injektion.dk\/wp-content\/uploads\/2025\/04\/ny-grafik-til-trekant-2.png\" alt=\"ny-grafik-til-trekant\" \/>     <div class=\"ue-rhombus-gallery__item-content-wrapper\">\n                  \n      \n      \n      \n      \n          <\/div>\n  <\/div>\n  <div class=\"ue-rhombus-gallery__item-border\"><\/div>\n<\/div>\n<div class=\"ue-rhombus-gallery__item  elementor-repeater-item-203c6a4   \" data-item-id=\"uc_ue_rhombus_image_gallery_elementor_188c2527_item6\">\n  <div class=\"ue-rhombus-gallery__item-wrapper\">\n     <img decoding=\"async\" class=\"ue-rhombus-gallery__item-image\" src=\"https:\/\/dansk-injektion.dk\/wp-content\/uploads\/2025\/03\/56410040_2089551801159434_4823328855584407552_n.jpg\" alt=\"Injektion og reparation af l\u00f8se fliser\" \/>     <div class=\"ue-rhombus-gallery__item-content-wrapper\">\n                  \n      \n      \n      \n      \n          <\/div>\n  <\/div>\n  <div class=\"ue-rhombus-gallery__item-border\"><\/div>\n<\/div>\n\n  <\/div>\n<!-- end Rhombus Grid -->\t\t\t\t<\/div>\n\t\t\t\t<\/div>\n\t\t\t\t<\/div>\n\t\t\t\t<\/div>\n\t\t","protected":false},"excerpt":{"rendered":"<p>Beh\u00f6ver du hj\u00e4lp med att laga ditt tr\u00e4golv?  <\/p>\n","protected":false},"author":5,"featured_media":0,"parent":0,"menu_order":6,"comment_status":"closed","ping_status":"closed","template":"","meta":{"_acf_changed":false,"footnotes":""},"categories":[],"class_list":["post-10466","page","type-page","status-publish"],"acf":[],"yoast_head":"<!-- This site is optimized with the Yoast SEO plugin v26.8 - https:\/\/yoast.com\/product\/yoast-seo-wordpress\/ -->\n<title>Reparation av tr\u00e4golv | Dansk Injektion<\/title>\n<meta name=\"robots\" content=\"index, follow, max-snippet:-1, max-image-preview:large, max-video-preview:-1\" \/>\n<link rel=\"canonical\" href=\"https:\/\/dansk-injektion.dk\/sv\/reparation-av-traegolv\/\" \/>\n<meta property=\"og:locale\" content=\"sv_SE\" \/>\n<meta property=\"og:type\" content=\"article\" \/>\n<meta property=\"og:title\" content=\"Reparation av tr\u00e4golv | Dansk Injektion\" \/>\n<meta property=\"og:description\" content=\"Beh\u00f6ver du hj\u00e4lp med att laga ditt tr\u00e4golv?\" \/>\n<meta property=\"og:url\" content=\"https:\/\/dansk-injektion.dk\/sv\/reparation-av-traegolv\/\" \/>\n<meta property=\"og:site_name\" content=\"Dansk Injektion\" \/>\n<meta property=\"article:modified_time\" content=\"2025-07-25T09:29:48+00:00\" \/>\n<meta property=\"og:image\" content=\"https:\/\/dansk-injektion.dk\/wp-content\/uploads\/2025\/03\/480749134_9246956345418908_6996602494075915124_n-768x1368.jpg\" \/>\n<meta name=\"twitter:card\" content=\"summary_large_image\" \/>\n<meta name=\"twitter:label1\" content=\"Ber\u00e4knad l\u00e4stid\" \/>\n\t<meta name=\"twitter:data1\" content=\"1 minut\" \/>\n<script type=\"application\/ld+json\" class=\"yoast-schema-graph\">{\"@context\":\"https:\/\/schema.org\",\"@graph\":[{\"@type\":\"WebPage\",\"@id\":\"https:\/\/dansk-injektion.dk\/sv\/reparation-av-traegolv\/\",\"url\":\"https:\/\/dansk-injektion.dk\/sv\/reparation-av-traegolv\/\",\"name\":\"Reparation av tr\u00e4golv | Dansk Injektion\",\"isPartOf\":{\"@id\":\"https:\/\/injektion-nord.webserver13.dk\/#website\"},\"primaryImageOfPage\":{\"@id\":\"https:\/\/dansk-injektion.dk\/sv\/reparation-av-traegolv\/#primaryimage\"},\"image\":{\"@id\":\"https:\/\/dansk-injektion.dk\/sv\/reparation-av-traegolv\/#primaryimage\"},\"thumbnailUrl\":\"https:\/\/dansk-injektion.dk\/wp-content\/uploads\/2025\/03\/480749134_9246956345418908_6996602494075915124_n-768x1368.jpg\",\"datePublished\":\"2021-09-03T09:08:46+00:00\",\"dateModified\":\"2025-07-25T09:29:48+00:00\",\"breadcrumb\":{\"@id\":\"https:\/\/dansk-injektion.dk\/sv\/reparation-av-traegolv\/#breadcrumb\"},\"inLanguage\":\"sv-SE\",\"potentialAction\":[{\"@type\":\"ReadAction\",\"target\":[\"https:\/\/dansk-injektion.dk\/sv\/reparation-av-traegolv\/\"]}]},{\"@type\":\"ImageObject\",\"inLanguage\":\"sv-SE\",\"@id\":\"https:\/\/dansk-injektion.dk\/sv\/reparation-av-traegolv\/#primaryimage\",\"url\":\"https:\/\/dansk-injektion.dk\/wp-content\/uploads\/2025\/03\/480749134_9246956345418908_6996602494075915124_n-768x1368.jpg\",\"contentUrl\":\"https:\/\/dansk-injektion.dk\/wp-content\/uploads\/2025\/03\/480749134_9246956345418908_6996602494075915124_n-768x1368.jpg\"},{\"@type\":\"BreadcrumbList\",\"@id\":\"https:\/\/dansk-injektion.dk\/sv\/reparation-av-traegolv\/#breadcrumb\",\"itemListElement\":[{\"@type\":\"ListItem\",\"position\":1,\"name\":\"Forside\",\"item\":\"https:\/\/dansk-injektion.dk\/sv\/startsida\/\"},{\"@type\":\"ListItem\",\"position\":2,\"name\":\"Reparation av tr\u00e4golv\"}]},{\"@type\":\"WebSite\",\"@id\":\"https:\/\/injektion-nord.webserver13.dk\/#website\",\"url\":\"https:\/\/injektion-nord.webserver13.dk\/\",\"name\":\"Dansk Injektion\",\"description\":\"Reparation af s\u00e6tningsrevner, fliser, gulve og v\u00e6gge\",\"publisher\":{\"@id\":\"https:\/\/injektion-nord.webserver13.dk\/#organization\"},\"potentialAction\":[{\"@type\":\"SearchAction\",\"target\":{\"@type\":\"EntryPoint\",\"urlTemplate\":\"https:\/\/injektion-nord.webserver13.dk\/?s={search_term_string}\"},\"query-input\":{\"@type\":\"PropertyValueSpecification\",\"valueRequired\":true,\"valueName\":\"search_term_string\"}}],\"inLanguage\":\"sv-SE\"},{\"@type\":\"Organization\",\"@id\":\"https:\/\/injektion-nord.webserver13.dk\/#organization\",\"name\":\"Dansk Injektion\",\"url\":\"https:\/\/injektion-nord.webserver13.dk\/\",\"logo\":{\"@type\":\"ImageObject\",\"inLanguage\":\"sv-SE\",\"@id\":\"https:\/\/injektion-nord.webserver13.dk\/#\/schema\/logo\/image\/\",\"url\":\"https:\/\/dansk-injektion.dk\/wp-content\/uploads\/2025\/04\/cropped-injektion-logo.png\",\"contentUrl\":\"https:\/\/dansk-injektion.dk\/wp-content\/uploads\/2025\/04\/cropped-injektion-logo.png\",\"width\":2671,\"height\":674,\"caption\":\"Dansk Injektion\"},\"image\":{\"@id\":\"https:\/\/injektion-nord.webserver13.dk\/#\/schema\/logo\/image\/\"}}]}<\/script>\n<!-- \/ Yoast SEO plugin. -->","yoast_head_json":{"title":"Reparation av tr\u00e4golv | Dansk Injektion","robots":{"index":"index","follow":"follow","max-snippet":"max-snippet:-1","max-image-preview":"max-image-preview:large","max-video-preview":"max-video-preview:-1"},"canonical":"https:\/\/dansk-injektion.dk\/sv\/reparation-av-traegolv\/","og_locale":"sv_SE","og_type":"article","og_title":"Reparation av tr\u00e4golv | Dansk Injektion","og_description":"Beh\u00f6ver du hj\u00e4lp med att laga ditt tr\u00e4golv?","og_url":"https:\/\/dansk-injektion.dk\/sv\/reparation-av-traegolv\/","og_site_name":"Dansk Injektion","article_modified_time":"2025-07-25T09:29:48+00:00","og_image":[{"url":"https:\/\/dansk-injektion.dk\/wp-content\/uploads\/2025\/03\/480749134_9246956345418908_6996602494075915124_n-768x1368.jpg","type":"","width":"","height":""}],"twitter_card":"summary_large_image","twitter_misc":{"Ber\u00e4knad l\u00e4stid":"1 minut"},"schema":{"@context":"https:\/\/schema.org","@graph":[{"@type":"WebPage","@id":"https:\/\/dansk-injektion.dk\/sv\/reparation-av-traegolv\/","url":"https:\/\/dansk-injektion.dk\/sv\/reparation-av-traegolv\/","name":"Reparation av tr\u00e4golv | Dansk Injektion","isPartOf":{"@id":"https:\/\/injektion-nord.webserver13.dk\/#website"},"primaryImageOfPage":{"@id":"https:\/\/dansk-injektion.dk\/sv\/reparation-av-traegolv\/#primaryimage"},"image":{"@id":"https:\/\/dansk-injektion.dk\/sv\/reparation-av-traegolv\/#primaryimage"},"thumbnailUrl":"https:\/\/dansk-injektion.dk\/wp-content\/uploads\/2025\/03\/480749134_9246956345418908_6996602494075915124_n-768x1368.jpg","datePublished":"2021-09-03T09:08:46+00:00","dateModified":"2025-07-25T09:29:48+00:00","breadcrumb":{"@id":"https:\/\/dansk-injektion.dk\/sv\/reparation-av-traegolv\/#breadcrumb"},"inLanguage":"sv-SE","potentialAction":[{"@type":"ReadAction","target":["https:\/\/dansk-injektion.dk\/sv\/reparation-av-traegolv\/"]}]},{"@type":"ImageObject","inLanguage":"sv-SE","@id":"https:\/\/dansk-injektion.dk\/sv\/reparation-av-traegolv\/#primaryimage","url":"https:\/\/dansk-injektion.dk\/wp-content\/uploads\/2025\/03\/480749134_9246956345418908_6996602494075915124_n-768x1368.jpg","contentUrl":"https:\/\/dansk-injektion.dk\/wp-content\/uploads\/2025\/03\/480749134_9246956345418908_6996602494075915124_n-768x1368.jpg"},{"@type":"BreadcrumbList","@id":"https:\/\/dansk-injektion.dk\/sv\/reparation-av-traegolv\/#breadcrumb","itemListElement":[{"@type":"ListItem","position":1,"name":"Forside","item":"https:\/\/dansk-injektion.dk\/sv\/startsida\/"},{"@type":"ListItem","position":2,"name":"Reparation av tr\u00e4golv"}]},{"@type":"WebSite","@id":"https:\/\/injektion-nord.webserver13.dk\/#website","url":"https:\/\/injektion-nord.webserver13.dk\/","name":"Dansk Injektion","description":"Reparation af s\u00e6tningsrevner, fliser, gulve og v\u00e6gge","publisher":{"@id":"https:\/\/injektion-nord.webserver13.dk\/#organization"},"potentialAction":[{"@type":"SearchAction","target":{"@type":"EntryPoint","urlTemplate":"https:\/\/injektion-nord.webserver13.dk\/?s={search_term_string}"},"query-input":{"@type":"PropertyValueSpecification","valueRequired":true,"valueName":"search_term_string"}}],"inLanguage":"sv-SE"},{"@type":"Organization","@id":"https:\/\/injektion-nord.webserver13.dk\/#organization","name":"Dansk Injektion","url":"https:\/\/injektion-nord.webserver13.dk\/","logo":{"@type":"ImageObject","inLanguage":"sv-SE","@id":"https:\/\/injektion-nord.webserver13.dk\/#\/schema\/logo\/image\/","url":"https:\/\/dansk-injektion.dk\/wp-content\/uploads\/2025\/04\/cropped-injektion-logo.png","contentUrl":"https:\/\/dansk-injektion.dk\/wp-content\/uploads\/2025\/04\/cropped-injektion-logo.png","width":2671,"height":674,"caption":"Dansk Injektion"},"image":{"@id":"https:\/\/injektion-nord.webserver13.dk\/#\/schema\/logo\/image\/"}}]}},"_links":{"self":[{"href":"https:\/\/dansk-injektion.dk\/sv\/wp-json\/wp\/v2\/pages\/10466","targetHints":{"allow":["GET"]}}],"collection":[{"href":"https:\/\/dansk-injektion.dk\/sv\/wp-json\/wp\/v2\/pages"}],"about":[{"href":"https:\/\/dansk-injektion.dk\/sv\/wp-json\/wp\/v2\/types\/page"}],"author":[{"embeddable":true,"href":"https:\/\/dansk-injektion.dk\/sv\/wp-json\/wp\/v2\/users\/5"}],"replies":[{"embeddable":true,"href":"https:\/\/dansk-injektion.dk\/sv\/wp-json\/wp\/v2\/comments?post=10466"}],"version-history":[{"count":1,"href":"https:\/\/dansk-injektion.dk\/sv\/wp-json\/wp\/v2\/pages\/10466\/revisions"}],"predecessor-version":[{"id":10467,"href":"https:\/\/dansk-injektion.dk\/sv\/wp-json\/wp\/v2\/pages\/10466\/revisions\/10467"}],"wp:attachment":[{"href":"https:\/\/dansk-injektion.dk\/sv\/wp-json\/wp\/v2\/media?parent=10466"}],"wp:term":[{"taxonomy":"category","embeddable":true,"href":"https:\/\/dansk-injektion.dk\/sv\/wp-json\/wp\/v2\/categories?post=10466"}],"curies":[{"name":"wp","href":"https:\/\/api.w.org\/{rel}","templated":true}]}}