{"id":10463,"date":"2021-09-03T11:08:46","date_gmt":"2021-09-03T09:08:46","guid":{"rendered":"https:\/\/dansk-injektion.dk\/foeretagets-profil\/"},"modified":"2025-07-25T11:29:41","modified_gmt":"2025-07-25T09:29:41","slug":"foeretagets-profil","status":"publish","type":"page","link":"https:\/\/dansk-injektion.dk\/sv\/foeretagets-profil\/","title":{"rendered":"F\u00f6retagets profil"},"content":{"rendered":"\t\t<div data-elementor-type=\"wp-page\" data-elementor-id=\"10463\" class=\"elementor elementor-10463 elementor-2863\" data-elementor-post-type=\"page\">\n\t\t\t\t<div class=\"elementor-element elementor-element-76da5dbf e-flex e-con-boxed e-con e-parent\" data-id=\"76da5dbf\" data-element_type=\"container\" data-e-type=\"container\" data-settings=\"{&quot;background_background&quot;:&quot;classic&quot;,&quot;shape_divider_bottom&quot;:&quot;triangle&quot;,&quot;shape_divider_bottom_negative&quot;:&quot;yes&quot;}\">\n\t\t\t\t\t<div class=\"e-con-inner\">\n\t\t\t\t<div class=\"elementor-shape elementor-shape-bottom\" aria-hidden=\"true\" data-negative=\"true\">\n\t\t\t<svg xmlns=\"http:\/\/www.w3.org\/2000\/svg\" viewBox=\"0 0 1000 100\" preserveAspectRatio=\"none\">\n\t<path class=\"elementor-shape-fill\" d=\"M500.2,94.7L0,0v100h1000V0L500.2,94.7z\"\/>\n<\/svg>\t\t<\/div>\n\t\t\t\t<div class=\"elementor-element elementor-element-4790dfd1 elementor-widget elementor-widget-text-editor\" data-id=\"4790dfd1\" data-element_type=\"widget\" data-e-type=\"widget\" data-widget_type=\"text-editor.default\">\n\t\t\t\t<div class=\"elementor-widget-container\">\n\t\t\t\t\t\t\t\t\t<p>V\u00e4lkommen till  Dansk Injektion<\/p>\t\t\t\t\t\t\t\t<\/div>\n\t\t\t\t<\/div>\n\t\t\t\t<div class=\"elementor-element elementor-element-11b2b956 elementor-widget__width-inherit elementor-invisible elementor-widget elementor-widget-heading\" data-id=\"11b2b956\" data-element_type=\"widget\" data-e-type=\"widget\" data-settings=\"{&quot;_animation&quot;:&quot;fadeIn&quot;,&quot;_animation_delay&quot;:400}\" data-widget_type=\"heading.default\">\n\t\t\t\t<div class=\"elementor-widget-container\">\n\t\t\t\t\t<h1 class=\"elementor-heading-title elementor-size-default\">F\u00f6retagets profil\n<\/h1>\t\t\t\t<\/div>\n\t\t\t\t<\/div>\n\t\t\t\t\t<\/div>\n\t\t\t\t<\/div>\n\t\t<div class=\"elementor-element elementor-element-55ecb9cb e-flex e-con-boxed e-con e-parent\" data-id=\"55ecb9cb\" data-element_type=\"container\" data-e-type=\"container\" data-settings=\"{&quot;background_background&quot;:&quot;classic&quot;}\">\n\t\t\t\t\t<div class=\"e-con-inner\">\n\t\t<div class=\"elementor-element elementor-element-7012b9e6 e-con-full no-padding e-flex e-con e-child\" data-id=\"7012b9e6\" data-element_type=\"container\" data-e-type=\"container\">\n\t\t\t\t<div class=\"elementor-element elementor-element-106c3411 elementor-widget__width-initial elementor-widget elementor-widget-heading\" data-id=\"106c3411\" data-element_type=\"widget\" data-e-type=\"widget\" data-widget_type=\"heading.default\">\n\t\t\t\t<div class=\"elementor-widget-container\">\n\t\t\t\t\t<h3 class=\"elementor-heading-title elementor-size-default\">Vilka \u00e4r vi?<\/h3>\t\t\t\t<\/div>\n\t\t\t\t<\/div>\n\t\t\t\t<div class=\"elementor-element elementor-element-68262a62 elementor-widget elementor-widget-text-editor\" data-id=\"68262a62\" data-element_type=\"widget\" data-e-type=\"widget\" data-widget_type=\"text-editor.default\">\n\t\t\t\t<div class=\"elementor-widget-container\">\n\t\t\t\t\t\t\t\t\t<p>Dansk-Injektion grundades 1995 av Knud Nielsen, som drev f\u00f6retaget med stor professionalism och h\u00e4ngivenhet fram till april 2020. Efter Knuds sjukdom och bortg\u00e5ng i december samma \u00e5r tog Kasper Olsen \u00f6ver ledningen och driver idag f\u00f6retaget vidare i Knuds anda &#8211; med respekt f\u00f6r tradition och fokus p\u00e5 kvalitet. <\/p><p>\u00c5r 2021 gick Dansk-Injektion samman med Injektion-Nord fr\u00e5n Sindal. Sammanslagningen har st\u00e4rkt v\u00e5r kapacitet och expertis avsev\u00e4rt, samtidigt som vi har ut\u00f6kat v\u00e5r geografiska r\u00e4ckvidd med nya avdelningar i Nordjylland, Syddanmark och Sj\u00e4lland. Detta inneb\u00e4r att vi idag kan erbjuda v\u00e5ra specialiserade injektionsl\u00f6sningar till kunder i hela Danmark.  <\/p><p>Vi \u00e4r specialiserade p\u00e5 injekteringstekniker och erbjuder h\u00e5llbara, effektiva och klimatv\u00e4nliga l\u00f6sningar f\u00f6r reparation och underh\u00e5ll av byggnadskonstruktioner. Genom att f\u00f6rl\u00e4nga livsl\u00e4ngden p\u00e5 befintliga material och undvika on\u00f6diga utbyten minskar vi b\u00e5de avfall och koldioxidavtryck. Alla v\u00e5ra medarbetare \u00e4r utbildade murare, vilket s\u00e4kerst\u00e4ller en h\u00f6g hantverksstandard och en djup f\u00f6rst\u00e5else f\u00f6r utmaningar inom byggbranschen. V\u00e5rt team arbetar med engagemang och professionalism f\u00f6r att leverera f\u00f6rstklassig kvalitet och service &#8211; varje g\u00e5ng.   <\/p><h3>V\u00e5ra kunder<\/h3><p>Under \u00e5rens lopp har vi l\u00f6st uppgifter f\u00f6r ett stort antal kunder, bland annat<\/p><ul><li>F\u00f6rs\u00e4kringsbolag<\/li><li>Entrepren\u00f6rer<\/li><li>Privata kunder<\/li><li>Sjukhus<\/li><li>Murningsf\u00f6retag<\/li><li>Snickare<\/li><li>Husbyggnadsf\u00f6retag<\/li><\/ul><p>Gemensamt f\u00f6r v\u00e5ra kunder \u00e4r att de vill ha ett snabbt, ekonomiskt och h\u00e5llbart alternativ till att byta ut hela kakel- och klinkerbel\u00e4ggningar och en l\u00f6sning som minimerar behovet av omfattande underh\u00e5ll f\u00f6r sprickor i v\u00e4ggar och golv.<\/p>\t\t\t\t\t\t\t\t<\/div>\n\t\t\t\t<\/div>\n\t\t\t\t<\/div>\n\t\t<div class=\"elementor-element elementor-element-6ad77264 e-con-full e-flex e-con e-child\" data-id=\"6ad77264\" data-element_type=\"container\" data-e-type=\"container\" data-settings=\"{&quot;background_background&quot;:&quot;classic&quot;}\">\n\t\t\t\t<div class=\"elementor-element elementor-element-71359a76 elementor-widget__width-initial elementor-widget elementor-widget-heading\" data-id=\"71359a76\" data-element_type=\"widget\" data-e-type=\"widget\" data-widget_type=\"heading.default\">\n\t\t\t\t<div class=\"elementor-widget-container\">\n\t\t\t\t\t<h2 class=\"elementor-heading-title elementor-size-default\">Skriv till oss!<\/h2>\t\t\t\t<\/div>\n\t\t\t\t<\/div>\n\t\t\t\t<div class=\"elementor-element elementor-element-562a7011 elementor-widget__width-initial elementor-widget elementor-widget-shortcode\" data-id=\"562a7011\" data-element_type=\"widget\" data-e-type=\"widget\" data-widget_type=\"shortcode.default\">\n\t\t\t\t<div class=\"elementor-widget-container\">\n\t\t\t\t\t\t\t<div class=\"elementor-shortcode\"><form id=\"forminator-module-66\" class=\"forminator-custom-form forminator-custom-form-66\" method=\"post\" data-forminator-render=\"0\" data-uid=\"69e085f429be4\"><div role=\"alert\" aria-live=\"polite\" class=\"forminator-response-message forminator-error\" aria-hidden=\"true\"><\/div><\/form><\/div>\n\t\t\t\t\t\t<\/div>\n\t\t\t\t<\/div>\n\t\t\t\t<\/div>\n\t\t\t\t\t<\/div>\n\t\t\t\t<\/div>\n\t\t<div class=\"elementor-element elementor-element-10fe21fc e-con-full e-flex e-con e-parent\" data-id=\"10fe21fc\" data-element_type=\"container\" data-e-type=\"container\">\n\t\t\t\t<div class=\"elementor-element elementor-element-63c74d46 elementor-widget elementor-widget-ucaddon_ue_rhombus_image_gallery\" data-id=\"63c74d46\" data-element_type=\"widget\" data-e-type=\"widget\" data-widget_type=\"ucaddon_ue_rhombus_image_gallery.default\">\n\t\t\t\t<div class=\"elementor-widget-container\">\n\t\t\t\t\t\n<!-- start Rhombus Grid -->\n\t\t<link id='fancybox-css' href='https:\/\/dansk-injektion.dk\/wp-content\/plugins\/unlimited-elements-for-elementor-premium\/assets_libraries\/fancybox3\/jquery.fancybox.min.css' type='text\/css' rel='stylesheet' >\n\n<style>\/* widget: Rhombus Grid *\/\n\n\n\n#uc_ue_rhombus_image_gallery_elementor_63c74d46.ue-rhombus-gallery {\n  --col-count: 3;\n  \t--columns-count: calc(var(--col-count) * 2 + 1);\n  display: grid;\n  grid-template-columns: repeat(var(--columns-count), 1fr);\n  opacity: 0;\n  transition: opacity 0.2s ease-in-out;\n}\n\n#uc_ue_rhombus_image_gallery_elementor_63c74d46.ue-rhombus-gallery.uc-show {\n  opacity: 1;\n}\n\n#uc_ue_rhombus_image_gallery_elementor_63c74d46 .ue-rhombus-gallery__item {\n  z-index: 1;\n  grid-column: span 2;\n  margin-bottom: -50%; \n  -webkit-clip-path: polygon(50% 0%, 100% 50%, 50% 100%, 0% 50%);\n  clip-path: polygon(50% 0%, 100% 50%, 50% 100%, 0% 50%);\n  transition: all 0.25s;\n  aspect-ratio: 1 \/ 1;\n  width:100%;\n  overflow: hidden;\n}\n\n#uc_ue_rhombus_image_gallery_elementor_63c74d46 .ue-rhombus-gallery__item-wrapper {\n  position: relative;\n  height: 100%;\n  width: 100%;\n  display: flex;\n  flex-direction: column;\n  justify-content: center;\n  align-items: center;\n  text-align:center;\n}\n\n#uc_ue_rhombus_image_gallery_elementor_63c74d46 .ue-rhombus-gallery__item-content-wrapper {\n  display: flex;\n    flex-direction: column;\n    justify-content: center;\n  z-index: 1;\n}\n\n#uc_ue_rhombus_image_gallery_elementor_63c74d46 .ue-rhombus-gallery__item-border {\n  position: absolute;\n  inset: 0;\n  height: 100%;\n  width: 100%;\n  background-color: transparent;\n  transform: rotate(45deg) scale(0.7071);\n  pointer-events: none;\n}\n\n#uc_ue_rhombus_image_gallery_elementor_63c74d46 .ue-rhombus-gallery__item-image {\n  position: absolute;\n  inset: 0;\n  height: 100%;\n  width: 100%;\n  z-index: 0;\n  object-fit: cover;\n}\n\n#uc_ue_rhombus_image_gallery_elementor_63c74d46 .ue-rhombus-gallery__item:hover {\n  z-index: 3;\n}\n\n  #uc_ue_rhombus_image_gallery_elementor_63c74d46 .ue-rhombus-gallery__item .ue-rhombus-gallery__item-image {\n    transition: transform 300ms linear;\n  }\n  #uc_ue_rhombus_image_gallery_elementor_63c74d46 .ue-rhombus-gallery__item:hover .ue-rhombus-gallery__item-image {\n    transform: scale(1.1);\n  }\n\n#uc_ue_rhombus_image_gallery_elementor_63c74d46 .ue-rhombus-gallery__item.ue-active-item .ue-rhombus-gallery__item-image {\n  transition: transform 300ms linear;\n}\n#uc_ue_rhombus_image_gallery_elementor_63c74d46 .ue-rhombus-gallery__item.ue-active-item .ue-rhombus-gallery__item-image {\n  transform: scale(1.1);\n}\n\n#uc_ue_rhombus_image_gallery_elementor_63c74d46 .ue-overlay-link {\n  position: absolute;\n  inset: 0;\n}\n\n#uc_ue_rhombus_image_gallery_elementor_63c74d46 .ue-graphic-element\n{\n  display:inline-flex;\n  align-items:center;\n  justify-content:center;\n  line-height:1em;\n  overflow:hidden;\n  z-index: 1;\n}\n\n#uc_ue_rhombus_image_gallery_elementor_63c74d46 .ue-graphic-element svg\n{\n  height:1em;\n  width:1em;\n}\n\n#uc_ue_rhombus_image_gallery_elementor_63c74d46 .ue-graphic-element img\n{\n  display:block;\n}\n\n.ue-item-title\n{\n  font-size:21px;\n}\n\n@media screen and (max-width: 1024px) {\n\t#uc_ue_rhombus_image_gallery_elementor_63c74d46.ue-rhombus-gallery {\n      --col-count:  3 ;\n      --columns-count: calc(var(--col-count) * 2 + 1);\n    }\n}\n\n@media screen and (max-width: 767px) {\n\t#uc_ue_rhombus_image_gallery_elementor_63c74d46.ue-rhombus-gallery {\n      --col-count:  3  ;\n  \t  --columns-count: calc(var(--col-count) * 2 + 1);\n    }\n}\n\nbody[data-elementor-device-mode=\"desktop\"] #uc_ue_rhombus_image_gallery_elementor_63c74d46 .ue-rhombus-gallery__item.ue-desktop-hide {\n\tdisplay: none;\n}\n\nbody[data-elementor-device-mode=\"tablet\"] #uc_ue_rhombus_image_gallery_elementor_63c74d46 .ue-rhombus-gallery__item.ue-tablet-hide {\n\tdisplay: none;\n}\n\nbody[data-elementor-device-mode=\"mobile\"] #uc_ue_rhombus_image_gallery_elementor_63c74d46 .ue-rhombus-gallery__item.ue-mobile-hide {\n\tdisplay: none;\n}\n\n<\/style>\n\n<div id=\"uc_ue_rhombus_image_gallery_elementor_63c74d46\" class=\"ue-rhombus-gallery  uc-items-wrapper\" >\n    <div class=\"ue-rhombus-gallery__item  elementor-repeater-item-2c09dcc   \" data-item-id=\"uc_ue_rhombus_image_gallery_elementor_63c74d46_item1\">\n  <div class=\"ue-rhombus-gallery__item-wrapper\">\n     <img decoding=\"async\" class=\"ue-rhombus-gallery__item-image\" src=\"https:\/\/dansk-injektion.dk\/wp-content\/uploads\/2025\/03\/480749134_9246956345418908_6996602494075915124_n-768x1368.jpg\" alt=\"480749134_9246956345418908_6996602494075915124_n\" \/>     <div class=\"ue-rhombus-gallery__item-content-wrapper\">\n                  \n      \n      \n      \n      \n          <\/div>\n  <\/div>\n  <div class=\"ue-rhombus-gallery__item-border\"><\/div>\n<\/div>\n<div class=\"ue-rhombus-gallery__item  elementor-repeater-item-75ddf16   \" data-item-id=\"uc_ue_rhombus_image_gallery_elementor_63c74d46_item2\">\n  <div class=\"ue-rhombus-gallery__item-wrapper\">\n     <img decoding=\"async\" class=\"ue-rhombus-gallery__item-image\" src=\"https:\/\/dansk-injektion.dk\/wp-content\/uploads\/2025\/03\/94233519_2861146330666640_2209488733642686464_n.jpg\" alt=\"Vandt\u00e6tning af k\u00e6lder\" \/>     <div class=\"ue-rhombus-gallery__item-content-wrapper\">\n                  \n      \n      \n      \n      \n          <\/div>\n  <\/div>\n  <div class=\"ue-rhombus-gallery__item-border\"><\/div>\n<\/div>\n<div class=\"ue-rhombus-gallery__item  elementor-repeater-item-5b08d60   \" data-item-id=\"uc_ue_rhombus_image_gallery_elementor_63c74d46_item3\">\n  <div class=\"ue-rhombus-gallery__item-wrapper\">\n     <img decoding=\"async\" class=\"ue-rhombus-gallery__item-image\" src=\"https:\/\/dansk-injektion.dk\/wp-content\/uploads\/2025\/03\/12345.png\" alt=\"12345\" \/>     <div class=\"ue-rhombus-gallery__item-content-wrapper\">\n                  \n      \n      \n      \n      \n          <\/div>\n  <\/div>\n  <div class=\"ue-rhombus-gallery__item-border\"><\/div>\n<\/div>\n<div class=\"ue-rhombus-gallery__item  elementor-repeater-item-2c571a0   \" data-item-id=\"uc_ue_rhombus_image_gallery_elementor_63c74d46_item4\">\n  <div class=\"ue-rhombus-gallery__item-wrapper\">\n     <img decoding=\"async\" class=\"ue-rhombus-gallery__item-image\" src=\"https:\/\/dansk-injektion.dk\/wp-content\/uploads\/2025\/03\/164728626_3775778309203433_2586678553392881434_n.jpg\" alt=\"Reperation af l\u00f8se fliser og tr\u00e6gulv\" \/>     <div class=\"ue-rhombus-gallery__item-content-wrapper\">\n                  \n      \n      \n      \n      \n          <\/div>\n  <\/div>\n  <div class=\"ue-rhombus-gallery__item-border\"><\/div>\n<\/div>\n<div class=\"ue-rhombus-gallery__item  elementor-repeater-item-2fc980b   \" data-item-id=\"uc_ue_rhombus_image_gallery_elementor_63c74d46_item5\">\n  <div class=\"ue-rhombus-gallery__item-wrapper\">\n     <img decoding=\"async\" class=\"ue-rhombus-gallery__item-image\" src=\"https:\/\/dansk-injektion.dk\/wp-content\/uploads\/2025\/04\/ny-grafik-til-trekant-2.png\" alt=\"ny-grafik-til-trekant\" \/>     <div class=\"ue-rhombus-gallery__item-content-wrapper\">\n                  \n      \n      \n      \n      \n          <\/div>\n  <\/div>\n  <div class=\"ue-rhombus-gallery__item-border\"><\/div>\n<\/div>\n<div class=\"ue-rhombus-gallery__item  elementor-repeater-item-203c6a4   \" data-item-id=\"uc_ue_rhombus_image_gallery_elementor_63c74d46_item6\">\n  <div class=\"ue-rhombus-gallery__item-wrapper\">\n     <img decoding=\"async\" class=\"ue-rhombus-gallery__item-image\" src=\"https:\/\/dansk-injektion.dk\/wp-content\/uploads\/2025\/03\/56410040_2089551801159434_4823328855584407552_n.jpg\" alt=\"Injektion og reparation af l\u00f8se fliser\" \/>     <div class=\"ue-rhombus-gallery__item-content-wrapper\">\n                  \n      \n      \n      \n      \n          <\/div>\n  <\/div>\n  <div class=\"ue-rhombus-gallery__item-border\"><\/div>\n<\/div>\n\n  <\/div>\n<!-- end Rhombus Grid -->\t\t\t\t<\/div>\n\t\t\t\t<\/div>\n\t\t\t\t<\/div>\n\t\t\t\t<\/div>\n\t\t","protected":false},"excerpt":{"rendered":"<p>Vi erbjuder reparation av sprickor i v\u00e4ggar och golv samt reparation och fixering av kakel och fogmassa i hela Danmark.<\/p>\n","protected":false},"author":5,"featured_media":10453,"parent":0,"menu_order":1,"comment_status":"closed","ping_status":"closed","template":"","meta":{"_acf_changed":false,"footnotes":""},"categories":[],"class_list":["post-10463","page","type-page","status-publish","has-post-thumbnail"],"acf":[],"yoast_head":"<!-- This site is optimized with the Yoast SEO plugin v26.8 - https:\/\/yoast.com\/product\/yoast-seo-wordpress\/ -->\n<title>F\u00f6retagets profil | Dansk Injektion<\/title>\n<meta name=\"robots\" content=\"index, follow, max-snippet:-1, max-image-preview:large, max-video-preview:-1\" \/>\n<link rel=\"canonical\" href=\"https:\/\/dansk-injektion.dk\/sv\/foeretagets-profil\/\" \/>\n<meta property=\"og:locale\" content=\"sv_SE\" \/>\n<meta property=\"og:type\" content=\"article\" \/>\n<meta property=\"og:title\" content=\"F\u00f6retagets profil | Dansk Injektion\" \/>\n<meta property=\"og:description\" content=\"Vi erbjuder reparation av sprickor i v\u00e4ggar och golv samt reparation och fixering av kakel och fogmassa i hela Danmark.\" \/>\n<meta property=\"og:url\" content=\"https:\/\/dansk-injektion.dk\/sv\/foeretagets-profil\/\" \/>\n<meta property=\"og:site_name\" content=\"Dansk Injektion\" \/>\n<meta property=\"article:modified_time\" content=\"2025-07-25T09:29:41+00:00\" \/>\n<meta property=\"og:image\" content=\"https:\/\/dansk-injektion.dk\/wp-content\/uploads\/2025\/04\/IMG_0961-scaled.jpg\" \/>\n\t<meta property=\"og:image:width\" content=\"2560\" \/>\n\t<meta property=\"og:image:height\" content=\"1920\" \/>\n\t<meta property=\"og:image:type\" content=\"image\/jpeg\" \/>\n<meta name=\"twitter:card\" content=\"summary_large_image\" \/>\n<meta name=\"twitter:label1\" content=\"Ber\u00e4knad l\u00e4stid\" \/>\n\t<meta name=\"twitter:data1\" content=\"1 minut\" \/>\n<script type=\"application\/ld+json\" class=\"yoast-schema-graph\">{\"@context\":\"https:\/\/schema.org\",\"@graph\":[{\"@type\":\"WebPage\",\"@id\":\"https:\/\/dansk-injektion.dk\/sv\/foeretagets-profil\/\",\"url\":\"https:\/\/dansk-injektion.dk\/sv\/foeretagets-profil\/\",\"name\":\"F\u00f6retagets profil | Dansk Injektion\",\"isPartOf\":{\"@id\":\"https:\/\/injektion-nord.webserver13.dk\/#website\"},\"primaryImageOfPage\":{\"@id\":\"https:\/\/dansk-injektion.dk\/sv\/foeretagets-profil\/#primaryimage\"},\"image\":{\"@id\":\"https:\/\/dansk-injektion.dk\/sv\/foeretagets-profil\/#primaryimage\"},\"thumbnailUrl\":\"https:\/\/dansk-injektion.dk\/wp-content\/uploads\/2025\/04\/IMG_0961-scaled.jpg\",\"datePublished\":\"2021-09-03T09:08:46+00:00\",\"dateModified\":\"2025-07-25T09:29:41+00:00\",\"breadcrumb\":{\"@id\":\"https:\/\/dansk-injektion.dk\/sv\/foeretagets-profil\/#breadcrumb\"},\"inLanguage\":\"sv-SE\",\"potentialAction\":[{\"@type\":\"ReadAction\",\"target\":[\"https:\/\/dansk-injektion.dk\/sv\/foeretagets-profil\/\"]}]},{\"@type\":\"ImageObject\",\"inLanguage\":\"sv-SE\",\"@id\":\"https:\/\/dansk-injektion.dk\/sv\/foeretagets-profil\/#primaryimage\",\"url\":\"https:\/\/dansk-injektion.dk\/wp-content\/uploads\/2025\/04\/IMG_0961-scaled.jpg\",\"contentUrl\":\"https:\/\/dansk-injektion.dk\/wp-content\/uploads\/2025\/04\/IMG_0961-scaled.jpg\",\"width\":2560,\"height\":1920},{\"@type\":\"BreadcrumbList\",\"@id\":\"https:\/\/dansk-injektion.dk\/sv\/foeretagets-profil\/#breadcrumb\",\"itemListElement\":[{\"@type\":\"ListItem\",\"position\":1,\"name\":\"Forside\",\"item\":\"https:\/\/dansk-injektion.dk\/sv\/startsida\/\"},{\"@type\":\"ListItem\",\"position\":2,\"name\":\"F\u00f6retagets profil\"}]},{\"@type\":\"WebSite\",\"@id\":\"https:\/\/injektion-nord.webserver13.dk\/#website\",\"url\":\"https:\/\/injektion-nord.webserver13.dk\/\",\"name\":\"Dansk Injektion\",\"description\":\"Reparation af s\u00e6tningsrevner, fliser, gulve og v\u00e6gge\",\"publisher\":{\"@id\":\"https:\/\/injektion-nord.webserver13.dk\/#organization\"},\"potentialAction\":[{\"@type\":\"SearchAction\",\"target\":{\"@type\":\"EntryPoint\",\"urlTemplate\":\"https:\/\/injektion-nord.webserver13.dk\/?s={search_term_string}\"},\"query-input\":{\"@type\":\"PropertyValueSpecification\",\"valueRequired\":true,\"valueName\":\"search_term_string\"}}],\"inLanguage\":\"sv-SE\"},{\"@type\":\"Organization\",\"@id\":\"https:\/\/injektion-nord.webserver13.dk\/#organization\",\"name\":\"Dansk Injektion\",\"url\":\"https:\/\/injektion-nord.webserver13.dk\/\",\"logo\":{\"@type\":\"ImageObject\",\"inLanguage\":\"sv-SE\",\"@id\":\"https:\/\/injektion-nord.webserver13.dk\/#\/schema\/logo\/image\/\",\"url\":\"https:\/\/dansk-injektion.dk\/wp-content\/uploads\/2025\/04\/cropped-injektion-logo.png\",\"contentUrl\":\"https:\/\/dansk-injektion.dk\/wp-content\/uploads\/2025\/04\/cropped-injektion-logo.png\",\"width\":2671,\"height\":674,\"caption\":\"Dansk Injektion\"},\"image\":{\"@id\":\"https:\/\/injektion-nord.webserver13.dk\/#\/schema\/logo\/image\/\"}}]}<\/script>\n<!-- \/ Yoast SEO plugin. -->","yoast_head_json":{"title":"F\u00f6retagets profil | Dansk Injektion","robots":{"index":"index","follow":"follow","max-snippet":"max-snippet:-1","max-image-preview":"max-image-preview:large","max-video-preview":"max-video-preview:-1"},"canonical":"https:\/\/dansk-injektion.dk\/sv\/foeretagets-profil\/","og_locale":"sv_SE","og_type":"article","og_title":"F\u00f6retagets profil | Dansk Injektion","og_description":"Vi erbjuder reparation av sprickor i v\u00e4ggar och golv samt reparation och fixering av kakel och fogmassa i hela Danmark.","og_url":"https:\/\/dansk-injektion.dk\/sv\/foeretagets-profil\/","og_site_name":"Dansk Injektion","article_modified_time":"2025-07-25T09:29:41+00:00","og_image":[{"width":2560,"height":1920,"url":"https:\/\/dansk-injektion.dk\/wp-content\/uploads\/2025\/04\/IMG_0961-scaled.jpg","type":"image\/jpeg"}],"twitter_card":"summary_large_image","twitter_misc":{"Ber\u00e4knad l\u00e4stid":"1 minut"},"schema":{"@context":"https:\/\/schema.org","@graph":[{"@type":"WebPage","@id":"https:\/\/dansk-injektion.dk\/sv\/foeretagets-profil\/","url":"https:\/\/dansk-injektion.dk\/sv\/foeretagets-profil\/","name":"F\u00f6retagets profil | Dansk Injektion","isPartOf":{"@id":"https:\/\/injektion-nord.webserver13.dk\/#website"},"primaryImageOfPage":{"@id":"https:\/\/dansk-injektion.dk\/sv\/foeretagets-profil\/#primaryimage"},"image":{"@id":"https:\/\/dansk-injektion.dk\/sv\/foeretagets-profil\/#primaryimage"},"thumbnailUrl":"https:\/\/dansk-injektion.dk\/wp-content\/uploads\/2025\/04\/IMG_0961-scaled.jpg","datePublished":"2021-09-03T09:08:46+00:00","dateModified":"2025-07-25T09:29:41+00:00","breadcrumb":{"@id":"https:\/\/dansk-injektion.dk\/sv\/foeretagets-profil\/#breadcrumb"},"inLanguage":"sv-SE","potentialAction":[{"@type":"ReadAction","target":["https:\/\/dansk-injektion.dk\/sv\/foeretagets-profil\/"]}]},{"@type":"ImageObject","inLanguage":"sv-SE","@id":"https:\/\/dansk-injektion.dk\/sv\/foeretagets-profil\/#primaryimage","url":"https:\/\/dansk-injektion.dk\/wp-content\/uploads\/2025\/04\/IMG_0961-scaled.jpg","contentUrl":"https:\/\/dansk-injektion.dk\/wp-content\/uploads\/2025\/04\/IMG_0961-scaled.jpg","width":2560,"height":1920},{"@type":"BreadcrumbList","@id":"https:\/\/dansk-injektion.dk\/sv\/foeretagets-profil\/#breadcrumb","itemListElement":[{"@type":"ListItem","position":1,"name":"Forside","item":"https:\/\/dansk-injektion.dk\/sv\/startsida\/"},{"@type":"ListItem","position":2,"name":"F\u00f6retagets profil"}]},{"@type":"WebSite","@id":"https:\/\/injektion-nord.webserver13.dk\/#website","url":"https:\/\/injektion-nord.webserver13.dk\/","name":"Dansk Injektion","description":"Reparation af s\u00e6tningsrevner, fliser, gulve og v\u00e6gge","publisher":{"@id":"https:\/\/injektion-nord.webserver13.dk\/#organization"},"potentialAction":[{"@type":"SearchAction","target":{"@type":"EntryPoint","urlTemplate":"https:\/\/injektion-nord.webserver13.dk\/?s={search_term_string}"},"query-input":{"@type":"PropertyValueSpecification","valueRequired":true,"valueName":"search_term_string"}}],"inLanguage":"sv-SE"},{"@type":"Organization","@id":"https:\/\/injektion-nord.webserver13.dk\/#organization","name":"Dansk Injektion","url":"https:\/\/injektion-nord.webserver13.dk\/","logo":{"@type":"ImageObject","inLanguage":"sv-SE","@id":"https:\/\/injektion-nord.webserver13.dk\/#\/schema\/logo\/image\/","url":"https:\/\/dansk-injektion.dk\/wp-content\/uploads\/2025\/04\/cropped-injektion-logo.png","contentUrl":"https:\/\/dansk-injektion.dk\/wp-content\/uploads\/2025\/04\/cropped-injektion-logo.png","width":2671,"height":674,"caption":"Dansk Injektion"},"image":{"@id":"https:\/\/injektion-nord.webserver13.dk\/#\/schema\/logo\/image\/"}}]}},"_links":{"self":[{"href":"https:\/\/dansk-injektion.dk\/sv\/wp-json\/wp\/v2\/pages\/10463","targetHints":{"allow":["GET"]}}],"collection":[{"href":"https:\/\/dansk-injektion.dk\/sv\/wp-json\/wp\/v2\/pages"}],"about":[{"href":"https:\/\/dansk-injektion.dk\/sv\/wp-json\/wp\/v2\/types\/page"}],"author":[{"embeddable":true,"href":"https:\/\/dansk-injektion.dk\/sv\/wp-json\/wp\/v2\/users\/5"}],"replies":[{"embeddable":true,"href":"https:\/\/dansk-injektion.dk\/sv\/wp-json\/wp\/v2\/comments?post=10463"}],"version-history":[{"count":1,"href":"https:\/\/dansk-injektion.dk\/sv\/wp-json\/wp\/v2\/pages\/10463\/revisions"}],"predecessor-version":[{"id":10465,"href":"https:\/\/dansk-injektion.dk\/sv\/wp-json\/wp\/v2\/pages\/10463\/revisions\/10465"}],"wp:featuredmedia":[{"embeddable":true,"href":"https:\/\/dansk-injektion.dk\/sv\/wp-json\/wp\/v2\/media\/10453"}],"wp:attachment":[{"href":"https:\/\/dansk-injektion.dk\/sv\/wp-json\/wp\/v2\/media?parent=10463"}],"wp:term":[{"taxonomy":"category","embeddable":true,"href":"https:\/\/dansk-injektion.dk\/sv\/wp-json\/wp\/v2\/categories?post=10463"}],"curies":[{"name":"wp","href":"https:\/\/api.w.org\/{rel}","templated":true}]}}