{"id":10460,"date":"2025-03-28T08:48:06","date_gmt":"2025-03-28T07:48:06","guid":{"rendered":"https:\/\/dansk-injektion.dk\/roerskador-under-kakel-och-klinker\/"},"modified":"2025-07-25T11:29:40","modified_gmt":"2025-07-25T09:29:40","slug":"roerskador-under-kakel-och-klinker","status":"publish","type":"page","link":"https:\/\/dansk-injektion.dk\/sv\/roerskador-under-kakel-och-klinker\/","title":{"rendered":"R\u00f6rskador under kakel och klinker"},"content":{"rendered":"\t\t<div data-elementor-type=\"wp-page\" data-elementor-id=\"10460\" class=\"elementor elementor-10460 elementor-9844\" data-elementor-post-type=\"page\">\n\t\t\t\t<div class=\"elementor-element elementor-element-3449dc9 e-flex e-con-boxed e-con e-parent\" data-id=\"3449dc9\" data-element_type=\"container\" data-e-type=\"container\" data-settings=\"{&quot;background_background&quot;:&quot;classic&quot;,&quot;shape_divider_bottom&quot;:&quot;triangle&quot;,&quot;shape_divider_bottom_negative&quot;:&quot;yes&quot;}\">\n\t\t\t\t\t<div class=\"e-con-inner\">\n\t\t\t\t<div class=\"elementor-shape elementor-shape-bottom\" aria-hidden=\"true\" data-negative=\"true\">\n\t\t\t<svg xmlns=\"http:\/\/www.w3.org\/2000\/svg\" viewBox=\"0 0 1000 100\" preserveAspectRatio=\"none\">\n\t<path class=\"elementor-shape-fill\" d=\"M500.2,94.7L0,0v100h1000V0L500.2,94.7z\"\/>\n<\/svg>\t\t<\/div>\n\t\t\t\t<div class=\"elementor-element elementor-element-a830583 elementor-widget elementor-widget-text-editor\" data-id=\"a830583\" data-element_type=\"widget\" data-e-type=\"widget\" data-widget_type=\"text-editor.default\">\n\t\t\t\t<div class=\"elementor-widget-container\">\n\t\t\t\t\t\t\t\t\t<p>V\u00e4lkommen till  Dansk Injektion<\/p>\t\t\t\t\t\t\t\t<\/div>\n\t\t\t\t<\/div>\n\t\t\t\t<div class=\"elementor-element elementor-element-4c122a62 elementor-widget__width-inherit elementor-invisible elementor-widget elementor-widget-heading\" data-id=\"4c122a62\" data-element_type=\"widget\" data-e-type=\"widget\" data-settings=\"{&quot;_animation&quot;:&quot;fadeIn&quot;,&quot;_animation_delay&quot;:400}\" data-widget_type=\"heading.default\">\n\t\t\t\t<div class=\"elementor-widget-container\">\n\t\t\t\t\t<h1 class=\"elementor-heading-title elementor-size-default\">R\u00f6rskador under kakel och klinker<\/h1>\t\t\t\t<\/div>\n\t\t\t\t<\/div>\n\t\t\t\t\t<\/div>\n\t\t\t\t<\/div>\n\t\t<div class=\"elementor-element elementor-element-68801635 e-flex e-con-boxed e-con e-parent\" data-id=\"68801635\" data-element_type=\"container\" data-e-type=\"container\" data-settings=\"{&quot;background_background&quot;:&quot;classic&quot;}\">\n\t\t\t\t\t<div class=\"e-con-inner\">\n\t\t<div class=\"elementor-element elementor-element-872be80 e-con-full no-padding e-flex e-con e-child\" data-id=\"872be80\" data-element_type=\"container\" data-e-type=\"container\">\n\t\t\t\t<div class=\"elementor-element elementor-element-8ac52a4 elementor-widget elementor-widget-text-editor\" data-id=\"8ac52a4\" data-element_type=\"widget\" data-e-type=\"widget\" data-widget_type=\"text-editor.default\">\n\t\t\t\t<div class=\"elementor-widget-container\">\n\t\t\t\t\t\t\t\t\t<p>Reparation av r\u00f6rskador under plattor kr\u00e4ver precision och erfarenhet f\u00f6r att s\u00e4kerst\u00e4lla att skadan repareras ordentligt utan att orsaka ytterligare problem. F\u00f6rfarandet \u00e4r som f\u00f6ljer:<\/p><ul><li>Borttagning av kakelplattor: Efter att ha lokaliserat r\u00f6rskadan tar v\u00e5rt erfarna team bort kakelplattorna utan att bryta s\u00f6nder dem.<\/li><li>\u00c5termontering av kakel: Vi \u00e5termonterar kakelplattorna efter att en r\u00f6rmokare har reparerat r\u00f6rskadorna och slutligen fogat kakelplattorna och reng\u00f6r omr\u00e5det f\u00f6r att s\u00e4kerst\u00e4lla en snygg finish.<\/li><\/ul><p>Vi erbjuder konkurrenskraftiga priser och h\u00f6g kvalitet i v\u00e5rt arbete. Kontakta oss f\u00f6r mer information och en icke-bindande offert. Vi ser fram emot att f\u00e5 hj\u00e4lpa dig.<\/p>\t\t\t\t\t\t\t\t<\/div>\n\t\t\t\t<\/div>\n\t\t\t\t<div class=\"elementor-element elementor-element-4c73a6b7 elementor-widget__width-initial elementor-widget elementor-widget-heading\" data-id=\"4c73a6b7\" data-element_type=\"widget\" data-e-type=\"widget\" data-widget_type=\"heading.default\">\n\t\t\t\t<div class=\"elementor-widget-container\">\n\t\t\t\t\t<h3 class=\"elementor-heading-title elementor-size-default\">Vill du ha en offert f\u00f6r reparation av r\u00f6rskador under plattor?<\/h3>\t\t\t\t<\/div>\n\t\t\t\t<\/div>\n\t\t\t\t<div class=\"elementor-element elementor-element-4f3b6923 elementor-widget elementor-widget-text-editor\" data-id=\"4f3b6923\" data-element_type=\"widget\" data-e-type=\"widget\" data-widget_type=\"text-editor.default\">\n\t\t\t\t<div class=\"elementor-widget-container\">\n\t\t\t\t\t\t\t\t\t<p>Kontakta oss p\u00e5 telefon <a href=\"tel:98935758\">(+45) 98 93 57 58 <\/a>eller <a href=\"mailto:info@dansk-injektion.dk\">info@dansk-injektion.dk<\/a> f\u00f6r en skriftlig offert p\u00e5 byte eller reparation av l\u00f6sa plattor.<\/p>\t\t\t\t\t\t\t\t<\/div>\n\t\t\t\t<\/div>\n\t\t\t\t<\/div>\n\t\t<div class=\"elementor-element elementor-element-15083678 e-con-full e-flex e-con e-child\" data-id=\"15083678\" data-element_type=\"container\" data-e-type=\"container\" data-settings=\"{&quot;background_background&quot;:&quot;classic&quot;}\">\n\t\t\t\t<div class=\"elementor-element elementor-element-5783276b elementor-widget__width-initial elementor-widget elementor-widget-heading\" data-id=\"5783276b\" data-element_type=\"widget\" data-e-type=\"widget\" data-widget_type=\"heading.default\">\n\t\t\t\t<div class=\"elementor-widget-container\">\n\t\t\t\t\t<h2 class=\"elementor-heading-title elementor-size-default\">Skriv till oss!<\/h2>\t\t\t\t<\/div>\n\t\t\t\t<\/div>\n\t\t\t\t<div class=\"elementor-element elementor-element-4d7433c2 elementor-widget__width-initial elementor-widget elementor-widget-shortcode\" data-id=\"4d7433c2\" data-element_type=\"widget\" data-e-type=\"widget\" data-widget_type=\"shortcode.default\">\n\t\t\t\t<div class=\"elementor-widget-container\">\n\t\t\t\t\t\t\t<div class=\"elementor-shortcode\"><form id=\"forminator-module-66\" class=\"forminator-custom-form forminator-custom-form-66\" method=\"post\" data-forminator-render=\"0\" data-uid=\"69f40e14156e7\"><div role=\"alert\" aria-live=\"polite\" class=\"forminator-response-message forminator-error\" aria-hidden=\"true\"><\/div><\/form><\/div>\n\t\t\t\t\t\t<\/div>\n\t\t\t\t<\/div>\n\t\t\t\t<\/div>\n\t\t\t\t\t<\/div>\n\t\t\t\t<\/div>\n\t\t<div class=\"elementor-element elementor-element-26dc052e e-con-full e-flex e-con e-parent\" data-id=\"26dc052e\" data-element_type=\"container\" data-e-type=\"container\">\n\t\t\t\t<div class=\"elementor-element elementor-element-29f2377d elementor-widget elementor-widget-ucaddon_ue_rhombus_image_gallery\" data-id=\"29f2377d\" data-element_type=\"widget\" data-e-type=\"widget\" data-widget_type=\"ucaddon_ue_rhombus_image_gallery.default\">\n\t\t\t\t<div class=\"elementor-widget-container\">\n\t\t\t\t\t\n<!-- start Rhombus Grid -->\n\t\t<link id='fancybox-css' href='https:\/\/dansk-injektion.dk\/wp-content\/plugins\/unlimited-elements-for-elementor-premium\/assets_libraries\/fancybox3\/jquery.fancybox.min.css' type='text\/css' rel='stylesheet' >\n\n<style>\/* widget: Rhombus Grid *\/\n\n\n\n#uc_ue_rhombus_image_gallery_elementor_29f2377d.ue-rhombus-gallery {\n  --col-count: 3;\n  \t--columns-count: calc(var(--col-count) * 2 + 1);\n  display: grid;\n  grid-template-columns: repeat(var(--columns-count), 1fr);\n  opacity: 0;\n  transition: opacity 0.2s ease-in-out;\n}\n\n#uc_ue_rhombus_image_gallery_elementor_29f2377d.ue-rhombus-gallery.uc-show {\n  opacity: 1;\n}\n\n#uc_ue_rhombus_image_gallery_elementor_29f2377d .ue-rhombus-gallery__item {\n  z-index: 1;\n  grid-column: span 2;\n  margin-bottom: -50%; \n  -webkit-clip-path: polygon(50% 0%, 100% 50%, 50% 100%, 0% 50%);\n  clip-path: polygon(50% 0%, 100% 50%, 50% 100%, 0% 50%);\n  transition: all 0.25s;\n  aspect-ratio: 1 \/ 1;\n  width:100%;\n  overflow: hidden;\n}\n\n#uc_ue_rhombus_image_gallery_elementor_29f2377d .ue-rhombus-gallery__item-wrapper {\n  position: relative;\n  height: 100%;\n  width: 100%;\n  display: flex;\n  flex-direction: column;\n  justify-content: center;\n  align-items: center;\n  text-align:center;\n}\n\n#uc_ue_rhombus_image_gallery_elementor_29f2377d .ue-rhombus-gallery__item-content-wrapper {\n  display: flex;\n    flex-direction: column;\n    justify-content: center;\n  z-index: 1;\n}\n\n#uc_ue_rhombus_image_gallery_elementor_29f2377d .ue-rhombus-gallery__item-border {\n  position: absolute;\n  inset: 0;\n  height: 100%;\n  width: 100%;\n  background-color: transparent;\n  transform: rotate(45deg) scale(0.7071);\n  pointer-events: none;\n}\n\n#uc_ue_rhombus_image_gallery_elementor_29f2377d .ue-rhombus-gallery__item-image {\n  position: absolute;\n  inset: 0;\n  height: 100%;\n  width: 100%;\n  z-index: 0;\n  object-fit: cover;\n}\n\n#uc_ue_rhombus_image_gallery_elementor_29f2377d .ue-rhombus-gallery__item:hover {\n  z-index: 3;\n}\n\n  #uc_ue_rhombus_image_gallery_elementor_29f2377d .ue-rhombus-gallery__item .ue-rhombus-gallery__item-image {\n    transition: transform 300ms linear;\n  }\n  #uc_ue_rhombus_image_gallery_elementor_29f2377d .ue-rhombus-gallery__item:hover .ue-rhombus-gallery__item-image {\n    transform: scale(1.1);\n  }\n\n#uc_ue_rhombus_image_gallery_elementor_29f2377d .ue-rhombus-gallery__item.ue-active-item .ue-rhombus-gallery__item-image {\n  transition: transform 300ms linear;\n}\n#uc_ue_rhombus_image_gallery_elementor_29f2377d .ue-rhombus-gallery__item.ue-active-item .ue-rhombus-gallery__item-image {\n  transform: scale(1.1);\n}\n\n#uc_ue_rhombus_image_gallery_elementor_29f2377d .ue-overlay-link {\n  position: absolute;\n  inset: 0;\n}\n\n#uc_ue_rhombus_image_gallery_elementor_29f2377d .ue-graphic-element\n{\n  display:inline-flex;\n  align-items:center;\n  justify-content:center;\n  line-height:1em;\n  overflow:hidden;\n  z-index: 1;\n}\n\n#uc_ue_rhombus_image_gallery_elementor_29f2377d .ue-graphic-element svg\n{\n  height:1em;\n  width:1em;\n}\n\n#uc_ue_rhombus_image_gallery_elementor_29f2377d .ue-graphic-element img\n{\n  display:block;\n}\n\n.ue-item-title\n{\n  font-size:21px;\n}\n\n@media screen and (max-width: 1024px) {\n\t#uc_ue_rhombus_image_gallery_elementor_29f2377d.ue-rhombus-gallery {\n      --col-count:  3 ;\n      --columns-count: calc(var(--col-count) * 2 + 1);\n    }\n}\n\n@media screen and (max-width: 767px) {\n\t#uc_ue_rhombus_image_gallery_elementor_29f2377d.ue-rhombus-gallery {\n      --col-count:  3  ;\n  \t  --columns-count: calc(var(--col-count) * 2 + 1);\n    }\n}\n\nbody[data-elementor-device-mode=\"desktop\"] #uc_ue_rhombus_image_gallery_elementor_29f2377d .ue-rhombus-gallery__item.ue-desktop-hide {\n\tdisplay: none;\n}\n\nbody[data-elementor-device-mode=\"tablet\"] #uc_ue_rhombus_image_gallery_elementor_29f2377d .ue-rhombus-gallery__item.ue-tablet-hide {\n\tdisplay: none;\n}\n\nbody[data-elementor-device-mode=\"mobile\"] #uc_ue_rhombus_image_gallery_elementor_29f2377d .ue-rhombus-gallery__item.ue-mobile-hide {\n\tdisplay: none;\n}\n\n<\/style>\n\n<div id=\"uc_ue_rhombus_image_gallery_elementor_29f2377d\" class=\"ue-rhombus-gallery  uc-items-wrapper\" >\n    <div class=\"ue-rhombus-gallery__item  elementor-repeater-item-2c09dcc   \" data-item-id=\"uc_ue_rhombus_image_gallery_elementor_29f2377d_item1\">\n  <div class=\"ue-rhombus-gallery__item-wrapper\">\n     <img decoding=\"async\" class=\"ue-rhombus-gallery__item-image\" src=\"https:\/\/dansk-injektion.dk\/wp-content\/uploads\/2025\/03\/480749134_9246956345418908_6996602494075915124_n-768x1368.jpg\" alt=\"480749134_9246956345418908_6996602494075915124_n\" \/>     <div class=\"ue-rhombus-gallery__item-content-wrapper\">\n                  \n      \n      \n      \n      \n          <\/div>\n  <\/div>\n  <div class=\"ue-rhombus-gallery__item-border\"><\/div>\n<\/div>\n<div class=\"ue-rhombus-gallery__item  elementor-repeater-item-75ddf16   \" data-item-id=\"uc_ue_rhombus_image_gallery_elementor_29f2377d_item2\">\n  <div class=\"ue-rhombus-gallery__item-wrapper\">\n     <img decoding=\"async\" class=\"ue-rhombus-gallery__item-image\" src=\"https:\/\/dansk-injektion.dk\/wp-content\/uploads\/2025\/03\/94233519_2861146330666640_2209488733642686464_n.jpg\" alt=\"Vandt\u00e6tning af k\u00e6lder\" \/>     <div class=\"ue-rhombus-gallery__item-content-wrapper\">\n                  \n      \n      \n      \n      \n          <\/div>\n  <\/div>\n  <div class=\"ue-rhombus-gallery__item-border\"><\/div>\n<\/div>\n<div class=\"ue-rhombus-gallery__item  elementor-repeater-item-5b08d60   \" data-item-id=\"uc_ue_rhombus_image_gallery_elementor_29f2377d_item3\">\n  <div class=\"ue-rhombus-gallery__item-wrapper\">\n     <img decoding=\"async\" class=\"ue-rhombus-gallery__item-image\" src=\"https:\/\/dansk-injektion.dk\/wp-content\/uploads\/2025\/03\/12345.png\" alt=\"12345\" \/>     <div class=\"ue-rhombus-gallery__item-content-wrapper\">\n                  \n      \n      \n      \n      \n          <\/div>\n  <\/div>\n  <div class=\"ue-rhombus-gallery__item-border\"><\/div>\n<\/div>\n<div class=\"ue-rhombus-gallery__item  elementor-repeater-item-2c571a0   \" data-item-id=\"uc_ue_rhombus_image_gallery_elementor_29f2377d_item4\">\n  <div class=\"ue-rhombus-gallery__item-wrapper\">\n     <img decoding=\"async\" class=\"ue-rhombus-gallery__item-image\" src=\"https:\/\/dansk-injektion.dk\/wp-content\/uploads\/2025\/03\/164728626_3775778309203433_2586678553392881434_n.jpg\" alt=\"Reperation af l\u00f8se fliser og tr\u00e6gulv\" \/>     <div class=\"ue-rhombus-gallery__item-content-wrapper\">\n                  \n      \n      \n      \n      \n          <\/div>\n  <\/div>\n  <div class=\"ue-rhombus-gallery__item-border\"><\/div>\n<\/div>\n<div class=\"ue-rhombus-gallery__item  elementor-repeater-item-2fc980b   \" data-item-id=\"uc_ue_rhombus_image_gallery_elementor_29f2377d_item5\">\n  <div class=\"ue-rhombus-gallery__item-wrapper\">\n     <img decoding=\"async\" class=\"ue-rhombus-gallery__item-image\" src=\"https:\/\/dansk-injektion.dk\/wp-content\/uploads\/2025\/04\/ny-grafik-til-trekant-2.png\" alt=\"ny-grafik-til-trekant\" \/>     <div class=\"ue-rhombus-gallery__item-content-wrapper\">\n                  \n      \n      \n      \n      \n          <\/div>\n  <\/div>\n  <div class=\"ue-rhombus-gallery__item-border\"><\/div>\n<\/div>\n<div class=\"ue-rhombus-gallery__item  elementor-repeater-item-203c6a4   \" data-item-id=\"uc_ue_rhombus_image_gallery_elementor_29f2377d_item6\">\n  <div class=\"ue-rhombus-gallery__item-wrapper\">\n     <img decoding=\"async\" class=\"ue-rhombus-gallery__item-image\" src=\"https:\/\/dansk-injektion.dk\/wp-content\/uploads\/2025\/03\/56410040_2089551801159434_4823328855584407552_n.jpg\" alt=\"Injektion og reparation af l\u00f8se fliser\" \/>     <div class=\"ue-rhombus-gallery__item-content-wrapper\">\n                  \n      \n      \n      \n      \n          <\/div>\n  <\/div>\n  <div class=\"ue-rhombus-gallery__item-border\"><\/div>\n<\/div>\n\n  <\/div>\n<!-- end Rhombus Grid -->\t\t\t\t<\/div>\n\t\t\t\t<\/div>\n\t\t\t\t<\/div>\n\t\t\t\t<\/div>\n\t\t","protected":false},"excerpt":{"rendered":"<p>V\u00e4lkommen till R\u00f6rskador under kakel och klinker Reparation av r\u00f6rskador under plattor kr\u00e4ver precision och erfarenhet f\u00f6r att s\u00e4kerst\u00e4lla att skadan repareras ordentligt utan att orsaka ytterligare problem. F\u00f6rfarandet \u00e4r som f\u00f6ljer: Borttagning av kakelplattor: Efter att ha lokaliserat r\u00f6rskadan tar v\u00e5rt erfarna team bort kakelplattorna utan att bryta s\u00f6nder dem. \u00c5termontering av kakel: Vi &#8230; <a title=\"R\u00f6rskador under kakel och klinker\" class=\"read-more\" href=\"https:\/\/dansk-injektion.dk\/sv\/roerskador-under-kakel-och-klinker\/\" aria-label=\"L\u00e4s mer om R\u00f6rskador under kakel och klinker\">L\u00e4s mer<\/a><\/p>\n","protected":false},"author":5,"featured_media":0,"parent":0,"menu_order":1009,"comment_status":"closed","ping_status":"closed","template":"","meta":{"_acf_changed":false,"footnotes":""},"categories":[],"class_list":["post-10460","page","type-page","status-publish"],"acf":[],"yoast_head":"<!-- This site is optimized with the Yoast SEO plugin v26.8 - https:\/\/yoast.com\/product\/yoast-seo-wordpress\/ -->\n<title>R\u00f6rskador under kakel och klinker | Dansk Injektion<\/title>\n<meta name=\"robots\" content=\"index, follow, max-snippet:-1, max-image-preview:large, max-video-preview:-1\" \/>\n<link rel=\"canonical\" href=\"https:\/\/dansk-injektion.dk\/sv\/roerskador-under-kakel-och-klinker\/\" \/>\n<meta property=\"og:locale\" content=\"sv_SE\" \/>\n<meta property=\"og:type\" content=\"article\" \/>\n<meta property=\"og:title\" content=\"R\u00f6rskador under kakel och klinker | Dansk Injektion\" \/>\n<meta property=\"og:description\" content=\"V\u00e4lkommen till R\u00f6rskador under kakel och klinker Reparation av r\u00f6rskador under plattor kr\u00e4ver precision och erfarenhet f\u00f6r att s\u00e4kerst\u00e4lla att skadan repareras ordentligt utan att orsaka ytterligare problem. F\u00f6rfarandet \u00e4r som f\u00f6ljer: Borttagning av kakelplattor: Efter att ha lokaliserat r\u00f6rskadan tar v\u00e5rt erfarna team bort kakelplattorna utan att bryta s\u00f6nder dem. \u00c5termontering av kakel: Vi ... L\u00e4s mer\" \/>\n<meta property=\"og:url\" content=\"https:\/\/dansk-injektion.dk\/sv\/roerskador-under-kakel-och-klinker\/\" \/>\n<meta property=\"og:site_name\" content=\"Dansk Injektion\" \/>\n<meta property=\"article:modified_time\" content=\"2025-07-25T09:29:40+00:00\" \/>\n<meta property=\"og:image\" content=\"https:\/\/dansk-injektion.dk\/wp-content\/uploads\/2025\/03\/480749134_9246956345418908_6996602494075915124_n-768x1368.jpg\" \/>\n<meta name=\"twitter:card\" content=\"summary_large_image\" \/>\n<meta name=\"twitter:label1\" content=\"Ber\u00e4knad l\u00e4stid\" \/>\n\t<meta name=\"twitter:data1\" content=\"1 minut\" \/>\n<script type=\"application\/ld+json\" class=\"yoast-schema-graph\">{\"@context\":\"https:\/\/schema.org\",\"@graph\":[{\"@type\":\"WebPage\",\"@id\":\"https:\/\/dansk-injektion.dk\/sv\/roerskador-under-kakel-och-klinker\/\",\"url\":\"https:\/\/dansk-injektion.dk\/sv\/roerskador-under-kakel-och-klinker\/\",\"name\":\"R\u00f6rskador under kakel och klinker | Dansk Injektion\",\"isPartOf\":{\"@id\":\"https:\/\/injektion-nord.webserver13.dk\/#website\"},\"primaryImageOfPage\":{\"@id\":\"https:\/\/dansk-injektion.dk\/sv\/roerskador-under-kakel-och-klinker\/#primaryimage\"},\"image\":{\"@id\":\"https:\/\/dansk-injektion.dk\/sv\/roerskador-under-kakel-och-klinker\/#primaryimage\"},\"thumbnailUrl\":\"https:\/\/dansk-injektion.dk\/wp-content\/uploads\/2025\/03\/480749134_9246956345418908_6996602494075915124_n-768x1368.jpg\",\"datePublished\":\"2025-03-28T07:48:06+00:00\",\"dateModified\":\"2025-07-25T09:29:40+00:00\",\"breadcrumb\":{\"@id\":\"https:\/\/dansk-injektion.dk\/sv\/roerskador-under-kakel-och-klinker\/#breadcrumb\"},\"inLanguage\":\"sv-SE\",\"potentialAction\":[{\"@type\":\"ReadAction\",\"target\":[\"https:\/\/dansk-injektion.dk\/sv\/roerskador-under-kakel-och-klinker\/\"]}]},{\"@type\":\"ImageObject\",\"inLanguage\":\"sv-SE\",\"@id\":\"https:\/\/dansk-injektion.dk\/sv\/roerskador-under-kakel-och-klinker\/#primaryimage\",\"url\":\"https:\/\/dansk-injektion.dk\/wp-content\/uploads\/2025\/03\/480749134_9246956345418908_6996602494075915124_n-768x1368.jpg\",\"contentUrl\":\"https:\/\/dansk-injektion.dk\/wp-content\/uploads\/2025\/03\/480749134_9246956345418908_6996602494075915124_n-768x1368.jpg\"},{\"@type\":\"BreadcrumbList\",\"@id\":\"https:\/\/dansk-injektion.dk\/sv\/roerskador-under-kakel-och-klinker\/#breadcrumb\",\"itemListElement\":[{\"@type\":\"ListItem\",\"position\":1,\"name\":\"Forside\",\"item\":\"https:\/\/dansk-injektion.dk\/sv\/startsida\/\"},{\"@type\":\"ListItem\",\"position\":2,\"name\":\"R\u00f6rskador under kakel och klinker\"}]},{\"@type\":\"WebSite\",\"@id\":\"https:\/\/injektion-nord.webserver13.dk\/#website\",\"url\":\"https:\/\/injektion-nord.webserver13.dk\/\",\"name\":\"Dansk Injektion\",\"description\":\"Reparation af s\u00e6tningsrevner, fliser, gulve og v\u00e6gge\",\"publisher\":{\"@id\":\"https:\/\/injektion-nord.webserver13.dk\/#organization\"},\"potentialAction\":[{\"@type\":\"SearchAction\",\"target\":{\"@type\":\"EntryPoint\",\"urlTemplate\":\"https:\/\/injektion-nord.webserver13.dk\/?s={search_term_string}\"},\"query-input\":{\"@type\":\"PropertyValueSpecification\",\"valueRequired\":true,\"valueName\":\"search_term_string\"}}],\"inLanguage\":\"sv-SE\"},{\"@type\":\"Organization\",\"@id\":\"https:\/\/injektion-nord.webserver13.dk\/#organization\",\"name\":\"Dansk Injektion\",\"url\":\"https:\/\/injektion-nord.webserver13.dk\/\",\"logo\":{\"@type\":\"ImageObject\",\"inLanguage\":\"sv-SE\",\"@id\":\"https:\/\/injektion-nord.webserver13.dk\/#\/schema\/logo\/image\/\",\"url\":\"https:\/\/dansk-injektion.dk\/wp-content\/uploads\/2025\/04\/cropped-injektion-logo.png\",\"contentUrl\":\"https:\/\/dansk-injektion.dk\/wp-content\/uploads\/2025\/04\/cropped-injektion-logo.png\",\"width\":2671,\"height\":674,\"caption\":\"Dansk Injektion\"},\"image\":{\"@id\":\"https:\/\/injektion-nord.webserver13.dk\/#\/schema\/logo\/image\/\"}}]}<\/script>\n<!-- \/ Yoast SEO plugin. -->","yoast_head_json":{"title":"R\u00f6rskador under kakel och klinker | Dansk Injektion","robots":{"index":"index","follow":"follow","max-snippet":"max-snippet:-1","max-image-preview":"max-image-preview:large","max-video-preview":"max-video-preview:-1"},"canonical":"https:\/\/dansk-injektion.dk\/sv\/roerskador-under-kakel-och-klinker\/","og_locale":"sv_SE","og_type":"article","og_title":"R\u00f6rskador under kakel och klinker | Dansk Injektion","og_description":"V\u00e4lkommen till R\u00f6rskador under kakel och klinker Reparation av r\u00f6rskador under plattor kr\u00e4ver precision och erfarenhet f\u00f6r att s\u00e4kerst\u00e4lla att skadan repareras ordentligt utan att orsaka ytterligare problem. F\u00f6rfarandet \u00e4r som f\u00f6ljer: Borttagning av kakelplattor: Efter att ha lokaliserat r\u00f6rskadan tar v\u00e5rt erfarna team bort kakelplattorna utan att bryta s\u00f6nder dem. \u00c5termontering av kakel: Vi ... L\u00e4s mer","og_url":"https:\/\/dansk-injektion.dk\/sv\/roerskador-under-kakel-och-klinker\/","og_site_name":"Dansk Injektion","article_modified_time":"2025-07-25T09:29:40+00:00","og_image":[{"url":"https:\/\/dansk-injektion.dk\/wp-content\/uploads\/2025\/03\/480749134_9246956345418908_6996602494075915124_n-768x1368.jpg","type":"","width":"","height":""}],"twitter_card":"summary_large_image","twitter_misc":{"Ber\u00e4knad l\u00e4stid":"1 minut"},"schema":{"@context":"https:\/\/schema.org","@graph":[{"@type":"WebPage","@id":"https:\/\/dansk-injektion.dk\/sv\/roerskador-under-kakel-och-klinker\/","url":"https:\/\/dansk-injektion.dk\/sv\/roerskador-under-kakel-och-klinker\/","name":"R\u00f6rskador under kakel och klinker | Dansk Injektion","isPartOf":{"@id":"https:\/\/injektion-nord.webserver13.dk\/#website"},"primaryImageOfPage":{"@id":"https:\/\/dansk-injektion.dk\/sv\/roerskador-under-kakel-och-klinker\/#primaryimage"},"image":{"@id":"https:\/\/dansk-injektion.dk\/sv\/roerskador-under-kakel-och-klinker\/#primaryimage"},"thumbnailUrl":"https:\/\/dansk-injektion.dk\/wp-content\/uploads\/2025\/03\/480749134_9246956345418908_6996602494075915124_n-768x1368.jpg","datePublished":"2025-03-28T07:48:06+00:00","dateModified":"2025-07-25T09:29:40+00:00","breadcrumb":{"@id":"https:\/\/dansk-injektion.dk\/sv\/roerskador-under-kakel-och-klinker\/#breadcrumb"},"inLanguage":"sv-SE","potentialAction":[{"@type":"ReadAction","target":["https:\/\/dansk-injektion.dk\/sv\/roerskador-under-kakel-och-klinker\/"]}]},{"@type":"ImageObject","inLanguage":"sv-SE","@id":"https:\/\/dansk-injektion.dk\/sv\/roerskador-under-kakel-och-klinker\/#primaryimage","url":"https:\/\/dansk-injektion.dk\/wp-content\/uploads\/2025\/03\/480749134_9246956345418908_6996602494075915124_n-768x1368.jpg","contentUrl":"https:\/\/dansk-injektion.dk\/wp-content\/uploads\/2025\/03\/480749134_9246956345418908_6996602494075915124_n-768x1368.jpg"},{"@type":"BreadcrumbList","@id":"https:\/\/dansk-injektion.dk\/sv\/roerskador-under-kakel-och-klinker\/#breadcrumb","itemListElement":[{"@type":"ListItem","position":1,"name":"Forside","item":"https:\/\/dansk-injektion.dk\/sv\/startsida\/"},{"@type":"ListItem","position":2,"name":"R\u00f6rskador under kakel och klinker"}]},{"@type":"WebSite","@id":"https:\/\/injektion-nord.webserver13.dk\/#website","url":"https:\/\/injektion-nord.webserver13.dk\/","name":"Dansk Injektion","description":"Reparation af s\u00e6tningsrevner, fliser, gulve og v\u00e6gge","publisher":{"@id":"https:\/\/injektion-nord.webserver13.dk\/#organization"},"potentialAction":[{"@type":"SearchAction","target":{"@type":"EntryPoint","urlTemplate":"https:\/\/injektion-nord.webserver13.dk\/?s={search_term_string}"},"query-input":{"@type":"PropertyValueSpecification","valueRequired":true,"valueName":"search_term_string"}}],"inLanguage":"sv-SE"},{"@type":"Organization","@id":"https:\/\/injektion-nord.webserver13.dk\/#organization","name":"Dansk Injektion","url":"https:\/\/injektion-nord.webserver13.dk\/","logo":{"@type":"ImageObject","inLanguage":"sv-SE","@id":"https:\/\/injektion-nord.webserver13.dk\/#\/schema\/logo\/image\/","url":"https:\/\/dansk-injektion.dk\/wp-content\/uploads\/2025\/04\/cropped-injektion-logo.png","contentUrl":"https:\/\/dansk-injektion.dk\/wp-content\/uploads\/2025\/04\/cropped-injektion-logo.png","width":2671,"height":674,"caption":"Dansk Injektion"},"image":{"@id":"https:\/\/injektion-nord.webserver13.dk\/#\/schema\/logo\/image\/"}}]}},"_links":{"self":[{"href":"https:\/\/dansk-injektion.dk\/sv\/wp-json\/wp\/v2\/pages\/10460","targetHints":{"allow":["GET"]}}],"collection":[{"href":"https:\/\/dansk-injektion.dk\/sv\/wp-json\/wp\/v2\/pages"}],"about":[{"href":"https:\/\/dansk-injektion.dk\/sv\/wp-json\/wp\/v2\/types\/page"}],"author":[{"embeddable":true,"href":"https:\/\/dansk-injektion.dk\/sv\/wp-json\/wp\/v2\/users\/5"}],"replies":[{"embeddable":true,"href":"https:\/\/dansk-injektion.dk\/sv\/wp-json\/wp\/v2\/comments?post=10460"}],"version-history":[{"count":1,"href":"https:\/\/dansk-injektion.dk\/sv\/wp-json\/wp\/v2\/pages\/10460\/revisions"}],"predecessor-version":[{"id":10461,"href":"https:\/\/dansk-injektion.dk\/sv\/wp-json\/wp\/v2\/pages\/10460\/revisions\/10461"}],"wp:attachment":[{"href":"https:\/\/dansk-injektion.dk\/sv\/wp-json\/wp\/v2\/media?parent=10460"}],"wp:term":[{"taxonomy":"category","embeddable":true,"href":"https:\/\/dansk-injektion.dk\/sv\/wp-json\/wp\/v2\/categories?post=10460"}],"curies":[{"name":"wp","href":"https:\/\/api.w.org\/{rel}","templated":true}]}}